{"id":2767,"date":"2013-09-26T10:18:45","date_gmt":"2013-09-26T10:18:45","guid":{"rendered":"http:\/\/copy.cro.ma\/modena\/?page_id=4"},"modified":"2024-03-02T10:07:20","modified_gmt":"2024-03-02T09:07:20","slug":"home","status":"publish","type":"page","link":"https:\/\/www.lamy.restaurant\/de\/","title":{"rendered":"Home"},"content":{"rendered":"","protected":false},"excerpt":{"rendered":"","protected":false},"author":1,"featured_media":0,"parent":0,"menu_order":0,"comment_status":"open","ping_status":"open","template":"page-front.php","meta":{"_seopress_robots_primary_cat":"","_seopress_titles_title":"H\u00f4tel Restaurant Lamy \u00e0 Troisvierges, Luxembourg - S\u00e9jour et gastronomie","_seopress_titles_desc":"D\u00e9couvrez l&#039;H\u00f4tel Restaurant Lamy \u00e0 Troisvierges. Savourez une cuisine raffin\u00e9e et profitez d&#039;un s\u00e9jour confortable. R\u00e9servez maintenant!","_seopress_robots_index":""},"_links":{"self":[{"href":"https:\/\/www.lamy.restaurant\/de\/wp-json\/wp\/v2\/pages\/2767"}],"collection":[{"href":"https:\/\/www.lamy.restaurant\/de\/wp-json\/wp\/v2\/pages"}],"about":[{"href":"https:\/\/www.lamy.restaurant\/de\/wp-json\/wp\/v2\/types\/page"}],"author":[{"embeddable":true,"href":"https:\/\/www.lamy.restaurant\/de\/wp-json\/wp\/v2\/users\/1"}],"replies":[{"embeddable":true,"href":"https:\/\/www.lamy.restaurant\/de\/wp-json\/wp\/v2\/comments?post=2767"}],"version-history":[{"count":1,"href":"https:\/\/www.lamy.restaurant\/de\/wp-json\/wp\/v2\/pages\/2767\/revisions"}],"predecessor-version":[{"id":2923,"href":"https:\/\/www.lamy.restaurant\/de\/wp-json\/wp\/v2\/pages\/2767\/revisions\/2923"}],"wp:attachment":[{"href":"https:\/\/www.lamy.restaurant\/de\/wp-json\/wp\/v2\/media?parent=2767"}],"curies":[{"name":"wp","href":"https:\/\/api.w.org\/{rel}","templated":true}]}}