{"id":4918,"date":"2021-03-15T16:48:13","date_gmt":"2021-03-15T15:48:13","guid":{"rendered":"https:\/\/www.lamy.restaurant\/?page_id=4918"},"modified":"2025-04-23T18:45:31","modified_gmt":"2025-04-23T17:45:31","slug":"hotel","status":"publish","type":"page","link":"https:\/\/www.lamy.restaurant\/de\/hotel\/","title":{"rendered":"H\u00f4tel"},"content":{"rendered":"<div class=\"wp-container-3 wp-block-columns\">\n<div class=\"wp-container-1 wp-block-column\" style=\"flex-basis:66.66%\">\n<p class=\"has-small-font-size\">Das Hotel verf\u00fcgt \u00fcber 10 komfortable Zimmer: Jedes Zimmer ist mit einem eigenen Bad und einem LED-Flachbildfernseher ausgestattet. Vom \"Standard\"-Zimmer \u00fcber das \"Komfort\"-Zimmer bis hin zur Suite werden Sie in einem schlichten und modernen Ambiente untergebracht.<br><br>Jedes Zimmer ist mit dreifach verglasten Fenstern und einem \"King Size\"-Bett ausgestattet, um Ihnen ruhige und sanfte N\u00e4chte zu garantieren.<br><br>Sie k\u00f6nnen auch den<strong> kostenlose WLAN-Zugang nutzen,<\/strong> der im gesamten Geb\u00e4ude verf\u00fcgbar ist sowie einen Aufzug, der zum ersten Stock des Hotels f\u00fchrt.<br><br>Jeden Morgen zwischen 8:00 und 10:00 Uhr haben Sie die M\u00f6glichkeit, ein <strong>kontinentales Fr\u00fchst\u00fcck<\/strong> mit vor Ort gebackenem Geb\u00e4ck zu genie\u00dfen. Wenn Sie fr\u00fcher fr\u00fchst\u00fccken m\u00f6chten, lassen Sie es uns bitte wissen.<\/p>\n\n\n\n<p class=\"has-small-font-size\">F\u00fcr <strong>Tierliebhaber,<\/strong>Ihre vierbeinigen Freunde sind in unserem Hause gegen einen Aufpreis von 5\u20ac pro Nacht herzlich Willkommen.<br><br>W\u00e4hrend Ihres Aufenthalts in Troisvierges haben Sie die M\u00f6glichkeit, eine Region zu erkunden, die reich an kulturellen, sportlichen und historischen Aktivit\u00e4ten ist. Die luxemburgischen Ardennen lassen sich auf zahlreichen Spazierg\u00e4ngen und Wanderungen erkunden, und wenn Sie gerne mit dem Fahrrad unterwegs sind, ist die Vennbahn, die auf einer Strecke von 125 Kilometern von Troisvierges nach Aachen f\u00fchrt, genau das Richtige f\u00fcr Sie. Je nach Verf\u00fcgbarkeit k\u00f6nnen Sie in unserem Haus Fahrr\u00e4der ausleihen. Wir verf\u00fcgen \u00fcber einen abschlie\u00dfbaren Raum, in dem Sie Ihre Fahrr\u00e4der aufbewahren k\u00f6nnen, leihen Ihnen Reparatur- und Wartungsmaterial und bieten Ihnen die M\u00f6glichkeit, Ihre Kleidung oder Ausr\u00fcstung zu trocknen. Das Hotel Lamy ist aufgrund der Angebote als fahrradfreundlicher Gasbetrieb mit dem Label ausgezeichnet worden: <strong>\"Bed and Bike\"<\/strong> .<br><br>Wenn Sie sich f\u00fcr <strong>Geschichte <\/strong>und f\u00fcr die Ardennenschlacht begeistern, befinden sich in der Umgebung zahlreiche Museen und historische St\u00e4dte wie Bastogne oder Diekirch. Der Pfad \"Sentier des Passeurs\" beispielsweise, der am Bahnhof von Troisvierges beginnt, l\u00e4sst Sie die Erinnerung an die luxemburgischen Widerstandsk\u00e4mpfer, die Fluchtwege nach Belgien organisierten, wieder aufleben.<\/p>\n<\/div>\n\n\n\n<div class=\"wp-container-2 wp-block-column\" style=\"flex-basis:33.33%\">\n<div id='widgetContainerBox' data-isaddnofollow='false' style=\"width: 100%;\"><\/div>\n\n<style>\n  #widgetContainerBox * {\n    box-sizing: border-box;\n  }\n\n  #widgetContainerBox > div {\n    width: 100% !important;  \/* Force tous les \u00e9l\u00e9ments directs internes \u00e0 100% *\/\n    max-width: 100% !important;\n  }\n<\/style>\n\n<script src='https:\/\/apps.expediapartnercentral.com\/lodging\/content\/award\/static\/js\/rating\/6447060\/Hotels-Light-Square-en_US.js?widgetName=Widget \u00c9valuation de l\u2019h\u00e9bergement&#038;hotelName=H\u00f4tel Restaurant Lamy&#038;noFollow=false'><\/script>\n\n\n\n\n<figure class=\"wp-block-image size-large\"><a href=\"https:\/\/www.visit-eislek.lu\"><img width=\"1024\" height=\"755\" src=\"https:\/\/www.lamy.restaurant\/wp-content\/uploads\/2025\/04\/Eislek-1024x755.png\" alt=\"\" class=\"wp-image-7066\" srcset=\"https:\/\/www.lamy.restaurant\/wp-content\/uploads\/2025\/04\/Eislek-1024x755.png 1024w, https:\/\/www.lamy.restaurant\/wp-content\/uploads\/2025\/04\/Eislek-300x221.png 300w, https:\/\/www.lamy.restaurant\/wp-content\/uploads\/2025\/04\/Eislek-768x566.png 768w, https:\/\/www.lamy.restaurant\/wp-content\/uploads\/2025\/04\/Eislek-16x12.png 16w, https:\/\/www.lamy.restaurant\/wp-content\/uploads\/2025\/04\/Eislek.png 1200w\" sizes=\"(max-width: 1024px) 100vw, 1024px\" \/><\/a><\/figure>\n\n\n\n<figure class=\"wp-block-image size-large\"><a href=\"https:\/\/bedandbike.lu\/fr\"><img width=\"1024\" height=\"321\" src=\"https:\/\/www.lamy.restaurant\/wp-content\/uploads\/2025\/04\/logo-bed-bike-1024x321.jpg\" alt=\"\" class=\"wp-image-7065\" srcset=\"https:\/\/www.lamy.restaurant\/wp-content\/uploads\/2025\/04\/logo-bed-bike-1024x321.jpg 1024w, https:\/\/www.lamy.restaurant\/wp-content\/uploads\/2025\/04\/logo-bed-bike-300x94.jpg 300w, https:\/\/www.lamy.restaurant\/wp-content\/uploads\/2025\/04\/logo-bed-bike-768x241.jpg 768w, https:\/\/www.lamy.restaurant\/wp-content\/uploads\/2025\/04\/logo-bed-bike-18x6.jpg 18w, https:\/\/www.lamy.restaurant\/wp-content\/uploads\/2025\/04\/logo-bed-bike.jpg 1146w\" sizes=\"(max-width: 1024px) 100vw, 1024px\" \/><\/a><\/figure>\n<\/div>\n<\/div>\n\n\n\n<div class=\"wp-container-6 wp-block-columns\">\n<div class=\"wp-container-5 wp-block-column\" style=\"flex-basis:100%\">\n<div class=\"wp-block-cover has-custom-content-position is-position-bottom-right\" style=\"min-height:403px\"><span aria-hidden=\"true\" class=\"wp-block-cover__background has-background-dim-30 has-background-dim\"><\/span><img width=\"1920\" height=\"1440\" class=\"wp-block-cover__image-background wp-image-4883\" alt=\"\" src=\"https:\/\/www.lamy.restaurant\/wp-content\/uploads\/2021\/03\/6-Chambre-scaled.jpg\" style=\"object-position:80% 46%\" data-object-fit=\"cover\" data-object-position=\"80% 46%\" srcset=\"https:\/\/www.lamy.restaurant\/wp-content\/uploads\/2021\/03\/6-Chambre-scaled.jpg 1920w, https:\/\/www.lamy.restaurant\/wp-content\/uploads\/2021\/03\/6-Chambre-300x225.jpg 300w, https:\/\/www.lamy.restaurant\/wp-content\/uploads\/2021\/03\/6-Chambre-1024x768.jpg 1024w, https:\/\/www.lamy.restaurant\/wp-content\/uploads\/2021\/03\/6-Chambre-768x576.jpg 768w, https:\/\/www.lamy.restaurant\/wp-content\/uploads\/2021\/03\/6-Chambre-1536x1152.jpg 1536w, https:\/\/www.lamy.restaurant\/wp-content\/uploads\/2021\/03\/6-Chambre-2048x1536.jpg 2048w\" sizes=\"(max-width: 1920px) 100vw, 1920px\" \/><div class=\"wp-block-cover__inner-container\">\n<p class=\"has-text-align-right has-white-color has-text-color\" style=\"font-size:35px\"><strong>Classic-Zimmer<\/strong><\/p>\n\n\n\n<div class=\"wp-container-4 is-horizontal is-content-justification-right wp-block-buttons\">\n<div class=\"wp-block-button is-style-outline\"><a class=\"wp-block-button__link\" href=\"https:\/\/reservations.cubilis.eu\/hotel-lamy-troisvierges?Language=de-DE&amp;Room=41295\" target=\"_blank\" rel=\"noreferrer noopener\">Reservieren<\/a><\/div>\n\n\n\n<div class=\"wp-block-button has-custom-width wp-block-button__width-50 is-style-fill\"><a class=\"wp-block-button__link\" href=\"https:\/\/www.lamy.restaurant\/de\/chambre-classique-avec-douche\/\">weitere Informationen<\/a><\/div>\n<\/div>\n<\/div><\/div>\n<\/div>\n<\/div>\n\n\n\n<div style=\"height:50px\" aria-hidden=\"true\" class=\"wp-block-spacer\"><\/div>\n\n\n\n<div class=\"wp-block-cover has-custom-content-position is-position-bottom-right\" style=\"min-height:386px\"><span aria-hidden=\"true\" class=\"wp-block-cover__background has-background-dim-30 has-background-dim\"><\/span><img width=\"1920\" height=\"1440\" class=\"wp-block-cover__image-background wp-image-4881\" alt=\"\" src=\"https:\/\/www.lamy.restaurant\/wp-content\/uploads\/2021\/03\/2-Chambre-scaled.jpg\" style=\"object-position:57% 46%\" data-object-fit=\"cover\" data-object-position=\"57% 46%\" srcset=\"https:\/\/www.lamy.restaurant\/wp-content\/uploads\/2021\/03\/2-Chambre-scaled.jpg 1920w, https:\/\/www.lamy.restaurant\/wp-content\/uploads\/2021\/03\/2-Chambre-300x225.jpg 300w, https:\/\/www.lamy.restaurant\/wp-content\/uploads\/2021\/03\/2-Chambre-1024x768.jpg 1024w, https:\/\/www.lamy.restaurant\/wp-content\/uploads\/2021\/03\/2-Chambre-768x576.jpg 768w, https:\/\/www.lamy.restaurant\/wp-content\/uploads\/2021\/03\/2-Chambre-1536x1152.jpg 1536w, https:\/\/www.lamy.restaurant\/wp-content\/uploads\/2021\/03\/2-Chambre-2048x1536.jpg 2048w\" sizes=\"(max-width: 1920px) 100vw, 1920px\" \/><div class=\"wp-block-cover__inner-container\">\n<p class=\"has-text-align-center has-white-color has-text-color\" style=\"font-size:35px\"><strong>Komfort-Zimmer<\/strong><\/p>\n\n\n\n<div class=\"wp-container-7 is-horizontal is-content-justification-right wp-block-buttons\">\n<div class=\"wp-block-button is-style-outline\"><a class=\"wp-block-button__link\" href=\"https:\/\/reservations.cubilis.eu\/hotel-lamy-troisvierges?Language=de-DE&amp;Room=41297\" target=\"_blank\" rel=\"noreferrer noopener\">Reservieren<\/a><\/div>\n\n\n\n<div class=\"wp-block-button is-style-fill\"><a class=\"wp-block-button__link\" href=\"https:\/\/www.lamy.restaurant\/de\/chambre-confort-avec-douche\/\">weitere Informationen<\/a><\/div>\n<\/div>\n<\/div><\/div>\n\n\n\n<div style=\"height:50px\" aria-hidden=\"true\" class=\"wp-block-spacer\"><\/div>\n\n\n\n<div class=\"wp-block-cover has-custom-content-position is-position-bottom-right\" style=\"min-height:387px\"><span aria-hidden=\"true\" class=\"wp-block-cover__background has-background-dim-30 has-background-dim\"><\/span><img width=\"1920\" height=\"1440\" class=\"wp-block-cover__image-background wp-image-4878\" alt=\"\" src=\"https:\/\/www.lamy.restaurant\/wp-content\/uploads\/2021\/03\/1-Chambre-scaled.jpg\" data-object-fit=\"cover\" srcset=\"https:\/\/www.lamy.restaurant\/wp-content\/uploads\/2021\/03\/1-Chambre-scaled.jpg 1920w, https:\/\/www.lamy.restaurant\/wp-content\/uploads\/2021\/03\/1-Chambre-300x225.jpg 300w, https:\/\/www.lamy.restaurant\/wp-content\/uploads\/2021\/03\/1-Chambre-1024x768.jpg 1024w, https:\/\/www.lamy.restaurant\/wp-content\/uploads\/2021\/03\/1-Chambre-768x576.jpg 768w, https:\/\/www.lamy.restaurant\/wp-content\/uploads\/2021\/03\/1-Chambre-1536x1152.jpg 1536w, https:\/\/www.lamy.restaurant\/wp-content\/uploads\/2021\/03\/1-Chambre-2048x1536.jpg 2048w\" sizes=\"(max-width: 1920px) 100vw, 1920px\" \/><div class=\"wp-block-cover__inner-container\">\n<p class=\"has-text-align-center has-white-color has-text-color\" style=\"font-size:35px\"><strong>Familien-Zimmer<\/strong><\/p>\n\n\n\n<div class=\"wp-container-8 is-horizontal is-content-justification-right wp-block-buttons\">\n<div class=\"wp-block-button is-style-outline\"><a class=\"wp-block-button__link\" href=\"https:\/\/reservations.cubilis.eu\/hotel-lamy-troisvierges?Language=de-DE&amp;Room=41297\" target=\"_blank\" rel=\"noreferrer noopener\">Reservieren<\/a><\/div>\n\n\n\n<div class=\"wp-block-button\"><a class=\"wp-block-button__link\" href=\"https:\/\/www.lamy.restaurant\/de\/chambre-confort-avec-baignoire\/\">weitere Informationen<\/a><\/div>\n<\/div>\n<\/div><\/div>\n\n\n\n<div style=\"height:50px\" aria-hidden=\"true\" class=\"wp-block-spacer\"><\/div>\n\n\n\n<div class=\"wp-block-cover has-custom-content-position is-position-bottom-right\" style=\"min-height:372px\"><span aria-hidden=\"true\" class=\"wp-block-cover__background has-background-dim-30 has-background-dim\"><\/span><img width=\"1920\" height=\"1440\" class=\"wp-block-cover__image-background wp-image-4886\" alt=\"\" src=\"https:\/\/www.lamy.restaurant\/wp-content\/uploads\/2021\/03\/12-Salon-scaled.jpg\" data-object-fit=\"cover\" srcset=\"https:\/\/www.lamy.restaurant\/wp-content\/uploads\/2021\/03\/12-Salon-scaled.jpg 1920w, https:\/\/www.lamy.restaurant\/wp-content\/uploads\/2021\/03\/12-Salon-300x225.jpg 300w, https:\/\/www.lamy.restaurant\/wp-content\/uploads\/2021\/03\/12-Salon-1024x768.jpg 1024w, https:\/\/www.lamy.restaurant\/wp-content\/uploads\/2021\/03\/12-Salon-768x576.jpg 768w, https:\/\/www.lamy.restaurant\/wp-content\/uploads\/2021\/03\/12-Salon-1536x1152.jpg 1536w, https:\/\/www.lamy.restaurant\/wp-content\/uploads\/2021\/03\/12-Salon-2048x1536.jpg 2048w\" sizes=\"(max-width: 1920px) 100vw, 1920px\" \/><div class=\"wp-block-cover__inner-container\">\n<p class=\"has-text-align-center has-white-color has-text-color\" style=\"font-size:35px\"><strong>Suite<\/strong><\/p>\n\n\n\n<div class=\"wp-container-9 is-horizontal is-content-justification-right wp-block-buttons\">\n<div class=\"wp-block-button is-style-outline\"><a class=\"wp-block-button__link\" href=\"https:\/\/reservations.cubilis.eu\/hotel-lamy-troisvierges?Language=de-DE&amp;Room=41297\" target=\"_blank\" rel=\"noreferrer noopener\">Reservieren<\/a><\/div>\n\n\n\n<div class=\"wp-block-button\"><a class=\"wp-block-button__link\" href=\"https:\/\/www.lamy.restaurant\/de\/suite\/\"><sub>weitere Informationen<\/sub><\/a><\/div>\n<\/div>\n<\/div><\/div>\n\n\n\n<div style=\"height:65px\" aria-hidden=\"true\" class=\"wp-block-spacer\"><\/div>\n\n\n\n<p><\/p>","protected":false},"excerpt":{"rendered":"<p>L\u2019h\u00f4tel dispose de 10 chambres confortables : chacune est \u00e9quip\u00e9e d\u2019une salle de bain privative et d\u2019une t\u00e9l\u00e9vision LED \u00e0 \u00e9cran plat. De la chambre \u00ab standard \u00bb \u00e0 la suite en passant par la chambre \u00ab confort \u00bb, vous serez log\u00e9s dans une ambiance sobre et moderne. Chaque chambre est dot\u00e9e de fen\u00eatres \u00e0 [&hellip;]<\/p>","protected":false},"author":2,"featured_media":4888,"parent":0,"menu_order":0,"comment_status":"closed","ping_status":"closed","template":"","meta":{"_seopress_robots_primary_cat":"","_seopress_titles_title":"H\u00f4tel Lamy au Luxembourg - D\u00e9couvrez le confort et l&#039;hospitalit\u00e9 au c\u0153ur de Troisvierges","_seopress_titles_desc":"Explorez notre charmant h\u00f4tel \u00e0 Troisvierges, Luxembourg. Profitez d&#039;un service de qualit\u00e9 et d&#039;un emplacement de premier choix. R\u00e9servez d\u00e8s maintenant !","_seopress_robots_index":""},"_links":{"self":[{"href":"https:\/\/www.lamy.restaurant\/de\/wp-json\/wp\/v2\/pages\/4918"}],"collection":[{"href":"https:\/\/www.lamy.restaurant\/de\/wp-json\/wp\/v2\/pages"}],"about":[{"href":"https:\/\/www.lamy.restaurant\/de\/wp-json\/wp\/v2\/types\/page"}],"author":[{"embeddable":true,"href":"https:\/\/www.lamy.restaurant\/de\/wp-json\/wp\/v2\/users\/2"}],"replies":[{"embeddable":true,"href":"https:\/\/www.lamy.restaurant\/de\/wp-json\/wp\/v2\/comments?post=4918"}],"version-history":[{"count":74,"href":"https:\/\/www.lamy.restaurant\/de\/wp-json\/wp\/v2\/pages\/4918\/revisions"}],"predecessor-version":[{"id":7070,"href":"https:\/\/www.lamy.restaurant\/de\/wp-json\/wp\/v2\/pages\/4918\/revisions\/7070"}],"wp:featuredmedia":[{"embeddable":true,"href":"https:\/\/www.lamy.restaurant\/de\/wp-json\/wp\/v2\/media\/4888"}],"wp:attachment":[{"href":"https:\/\/www.lamy.restaurant\/de\/wp-json\/wp\/v2\/media?parent=4918"}],"curies":[{"name":"wp","href":"https:\/\/api.w.org\/{rel}","templated":true}]}}