{"id":4972,"date":"2021-03-17T11:58:47","date_gmt":"2021-03-17T10:58:47","guid":{"rendered":"https:\/\/www.lamy.restaurant\/?page_id=4972"},"modified":"2024-03-02T10:09:49","modified_gmt":"2024-03-02T09:09:49","slug":"chambre-classique-avec-douche","status":"publish","type":"page","link":"https:\/\/www.lamy.restaurant\/de\/chambre-classique-avec-douche\/","title":{"rendered":"Classic-Zimmer mit Dusche"},"content":{"rendered":"<p>Die k\u00fcrzlich renovierten Classic-Zimmer mit Dusche sind angenehme Zimmer mit einem Kingsize-Doppelbett. Jedes Zimmer verf\u00fcgt \u00fcber ein eigenes, funktionales Badezimmer.<\/p>\n\n\n\n<p class=\"has-medium-font-size\"><strong><span style=\"text-decoration: underline;\">Leistungen:<\/span><\/strong><\/p>\n\n\n\n<ul><li>Flachbildfernseher<\/li><li>schallisoliertes Zimmer<\/li><li>kostenloses Parken<\/li><li>eigenes Badezimmer, wahlweise mit Dusche oder Badewanne<\/li><li>wahlweise mit Fr\u00fchst\u00fcck<\/li><li>leistungsstarkes und kostenloses WLAN im gesamten Hotel<\/li><li>Haustiere erlaubt (gegen Aufpreis)<\/li><\/ul>\n\n\n\n<div class=\"wp-container-1 is-horizontal is-content-justification-right wp-block-buttons\">\n<div class=\"wp-block-button has-custom-width wp-block-button__width-50 is-style-outline\"><a class=\"wp-block-button__link has-text-color has-background\" href=\"https:\/\/reservations.cubilis.eu\/hotel-lamy-troisvierges?Language=de-DE&amp;Room=41295\" style=\"border-radius:2px;background-color:#60666a;color:#fffffa\" target=\"_blank\" rel=\"noreferrer noopener\"><strong>Zimmer buchen<\/strong><\/a><\/div>\n<\/div>\n\n\n\n<div style=\"height:35px\" aria-hidden=\"true\" class=\"wp-block-spacer\"><\/div>\n\n\n\n<div class=\"wp-container-3 wp-block-columns\">\n<div class=\"wp-container-2 wp-block-column\" style=\"flex-basis:100%\"><script type=\"text\/javascript\">jQuery(function() { _initLayerSlider( '#layerslider_6_t0mranhj2cr1', {createdWith: '6.11.6', sliderVersion: '6.11.6', type: 'fullwidth', allowFullscreen: true, autoStart: false, pauseOnHover: 'enabled', skin: 'v6', sliderFadeInDuration: 350, useSrcset: true, skinsPath: 'https:\/\/www.lamy.restaurant\/wp-content\/plugins\/LayerSlider\/assets\/static\/layerslider\/skins\/', performanceMode: true}); });<\/script><div id=\"layerslider_6_t0mranhj2cr1\" class=\"ls-wp-container fitvidsignore\" style=\"width:1280px;height:720px;margin:0 auto;margin-bottom: 0px;margin-left: 10px;\"><div class=\"ls-slide\" data-ls=\"bgsize:auto;bgposition:50% 50%;duration:1500;kenburnsscale:1.2;\"><img width=\"1920\" height=\"1440\" src=\"https:\/\/www.lamy.restaurant\/wp-content\/uploads\/2021\/03\/6-Chambre-scaled.jpg\" class=\"ls-bg\" alt=\"\" srcset=\"https:\/\/www.lamy.restaurant\/wp-content\/uploads\/2021\/03\/6-Chambre-scaled.jpg 1920w, https:\/\/www.lamy.restaurant\/wp-content\/uploads\/2021\/03\/6-Chambre-300x225.jpg 300w, https:\/\/www.lamy.restaurant\/wp-content\/uploads\/2021\/03\/6-Chambre-1024x768.jpg 1024w, https:\/\/www.lamy.restaurant\/wp-content\/uploads\/2021\/03\/6-Chambre-768x576.jpg 768w, https:\/\/www.lamy.restaurant\/wp-content\/uploads\/2021\/03\/6-Chambre-1536x1152.jpg 1536w, https:\/\/www.lamy.restaurant\/wp-content\/uploads\/2021\/03\/6-Chambre-2048x1536.jpg 2048w\" sizes=\"(max-width: 1920px) 100vw, 1920px\" \/><\/div><div class=\"ls-slide\" data-ls=\"bgsize:contain;bgposition:50% 50%;duration:1500;kenburnsscale:1.2;\"><img width=\"1920\" height=\"2560\" src=\"https:\/\/www.lamy.restaurant\/wp-content\/uploads\/2021\/03\/6-SDB-scaled.jpg\" class=\"ls-bg\" alt=\"\" srcset=\"https:\/\/www.lamy.restaurant\/wp-content\/uploads\/2021\/03\/6-SDB-scaled.jpg 1920w, https:\/\/www.lamy.restaurant\/wp-content\/uploads\/2021\/03\/6-SDB-225x300.jpg 225w, https:\/\/www.lamy.restaurant\/wp-content\/uploads\/2021\/03\/6-SDB-768x1024.jpg 768w, https:\/\/www.lamy.restaurant\/wp-content\/uploads\/2021\/03\/6-SDB-1152x1536.jpg 1152w, https:\/\/www.lamy.restaurant\/wp-content\/uploads\/2021\/03\/6-SDB-1536x2048.jpg 1536w\" sizes=\"(max-width: 1920px) 100vw, 1920px\" \/><\/div><\/div><\/div>\n<\/div>\n\n\n\n<p><\/p>","protected":false},"excerpt":{"rendered":"<p>R\u00e9cemment r\u00e9nov\u00e9e, les chambres classique avec douche sont des chambres agr\u00e9ables, dot\u00e9e d&rsquo;un lit double king size. Chaque chambre poss\u00e8de une salle de douche privative et fonctionnelle. Caract\u00e9ristiques: T\u00e9l\u00e9vision \u00e9cran plat Chambre insonoris\u00e9e Parking gratuit Salle de douche privative Petit d\u00e9jeuner compris R\u00e9seau wifi performant et gratuit dans tout l&rsquo;h\u00f4tel Animaux admis (moyennant un suppl\u00e9ment)<\/p>","protected":false},"author":2,"featured_media":0,"parent":0,"menu_order":0,"comment_status":"closed","ping_status":"closed","template":"","meta":{"_seopress_robots_primary_cat":"","_seopress_titles_title":"Chambre classique avec douche \u00e0 Troisvierges, Luxemburg - Confort et \u00e9l\u00e9gance","_seopress_titles_desc":"R\u00e9servez une chambre classique avec douche \u00e0 Troisvierges. Confort et \u00e9l\u00e9gance au c\u0153ur du Luxembourg. R\u00e9servez d\u00e8s maintenant!","_seopress_robots_index":""},"_links":{"self":[{"href":"https:\/\/www.lamy.restaurant\/de\/wp-json\/wp\/v2\/pages\/4972"}],"collection":[{"href":"https:\/\/www.lamy.restaurant\/de\/wp-json\/wp\/v2\/pages"}],"about":[{"href":"https:\/\/www.lamy.restaurant\/de\/wp-json\/wp\/v2\/types\/page"}],"author":[{"embeddable":true,"href":"https:\/\/www.lamy.restaurant\/de\/wp-json\/wp\/v2\/users\/2"}],"replies":[{"embeddable":true,"href":"https:\/\/www.lamy.restaurant\/de\/wp-json\/wp\/v2\/comments?post=4972"}],"version-history":[{"count":20,"href":"https:\/\/www.lamy.restaurant\/de\/wp-json\/wp\/v2\/pages\/4972\/revisions"}],"predecessor-version":[{"id":6589,"href":"https:\/\/www.lamy.restaurant\/de\/wp-json\/wp\/v2\/pages\/4972\/revisions\/6589"}],"wp:attachment":[{"href":"https:\/\/www.lamy.restaurant\/de\/wp-json\/wp\/v2\/media?parent=4972"}],"curies":[{"name":"wp","href":"https:\/\/api.w.org\/{rel}","templated":true}]}}