{"id":5019,"date":"2021-03-17T11:59:11","date_gmt":"2021-03-17T10:59:11","guid":{"rendered":"https:\/\/www.lamy.restaurant\/?page_id=5019"},"modified":"2024-03-02T10:10:28","modified_gmt":"2024-03-02T09:10:28","slug":"suite","status":"publish","type":"page","link":"https:\/\/www.lamy.restaurant\/de\/suite\/","title":{"rendered":"Suite"},"content":{"rendered":"<p>Die Suite wurde k\u00fcrzlich renoviert und ist sehr ger\u00e4umig. Sie verf\u00fcgt \u00fcber 60m\u00b2 Wohnfl\u00e4che, mit einem Wohnzimmer mit Schlafsofa und einem Marmorbad mit Whirlpool. <\/p>\n\n\n\n<p class=\"has-medium-font-size\"><strong><span style=\"text-decoration: underline;\">Leistungen:<\/span><\/strong><\/p>\n\n\n\n<ul><li><strong>eigenes Badezimmer mit Whirlpool<\/strong><\/li><li>Zimmergr\u00f6\u00dfe 60 m\u00b2<\/li><li>M\u00f6glichkeit, bis zu 5 Personen unterzubringen<\/li><li>Flachbildfernseher<\/li><li>schallisoliertes Zimmer<\/li><li>kostenloses Parken<\/li><li>eigenes Badezimmer<\/li><li>wahlweise mit Fr\u00fchst\u00fcck<\/li><li>leistungsstarkes und kostenloses WLAN im gesamten Hotel<\/li><li>Haustiere erlaubt (gegen Aufpreis)<\/li><\/ul>\n\n\n\n<div class=\"wp-container-1 is-horizontal is-content-justification-right wp-block-buttons\">\n<div class=\"wp-block-button has-custom-width wp-block-button__width-50 is-style-outline\"><a class=\"wp-block-button__link has-text-color has-background\" href=\"https:\/\/reservations.cubilis.eu\/hotel-lamy-troisvierges?Language=de-DE&amp;Room=41297\" style=\"border-radius:2px;background-color:#60666a;color:#fffffa\" target=\"_blank\" rel=\"noreferrer noopener\"><strong>Zimmer buchen<\/strong><\/a><\/div>\n<\/div>\n\n\n\n<div style=\"height:35px\" aria-hidden=\"true\" class=\"wp-block-spacer\"><\/div>\n\n\n\n<div class=\"wp-container-3 wp-block-columns\">\n<div class=\"wp-container-2 wp-block-column\" style=\"flex-basis:100%\"><script type=\"text\/javascript\">jQuery(function() { _initLayerSlider( '#layerslider_10_1lcod21nvb5ej', {createdWith: '6.11.6', sliderVersion: '6.11.6', type: 'fullwidth', allowFullscreen: true, autoStart: false, pauseOnHover: 'enabled', skin: 'v6', sliderFadeInDuration: 350, useSrcset: true, skinsPath: 'https:\/\/www.lamy.restaurant\/wp-content\/plugins\/LayerSlider\/assets\/static\/layerslider\/skins\/', performanceMode: true}); });<\/script><div id=\"layerslider_10_1lcod21nvb5ej\" class=\"ls-wp-container fitvidsignore\" style=\"width:1280px;height:720px;margin:0 auto;margin-bottom: 0px;margin-left: 10px;\"><div class=\"ls-slide\" data-ls=\"bgsize:cover;kenburnsscale:1.2;\"><img width=\"1920\" height=\"1440\" src=\"https:\/\/www.lamy.restaurant\/wp-content\/uploads\/2021\/03\/12-Salon-scaled.jpg\" class=\"ls-bg\" alt=\"\" srcset=\"https:\/\/www.lamy.restaurant\/wp-content\/uploads\/2021\/03\/12-Salon-scaled.jpg 1920w, https:\/\/www.lamy.restaurant\/wp-content\/uploads\/2021\/03\/12-Salon-300x225.jpg 300w, https:\/\/www.lamy.restaurant\/wp-content\/uploads\/2021\/03\/12-Salon-1024x768.jpg 1024w, https:\/\/www.lamy.restaurant\/wp-content\/uploads\/2021\/03\/12-Salon-768x576.jpg 768w, https:\/\/www.lamy.restaurant\/wp-content\/uploads\/2021\/03\/12-Salon-1536x1152.jpg 1536w, https:\/\/www.lamy.restaurant\/wp-content\/uploads\/2021\/03\/12-Salon-2048x1536.jpg 2048w\" sizes=\"(max-width: 1920px) 100vw, 1920px\" \/><\/div><div class=\"ls-slide\" data-ls=\"bgsize:contain;bgposition:50% 50%;kenburnsscale:1.2;\"><img width=\"1920\" height=\"1440\" src=\"https:\/\/www.lamy.restaurant\/wp-content\/uploads\/2021\/03\/12-SDB-scaled.jpg\" class=\"ls-bg\" alt=\"\" srcset=\"https:\/\/www.lamy.restaurant\/wp-content\/uploads\/2021\/03\/12-SDB-scaled.jpg 1920w, https:\/\/www.lamy.restaurant\/wp-content\/uploads\/2021\/03\/12-SDB-300x225.jpg 300w, https:\/\/www.lamy.restaurant\/wp-content\/uploads\/2021\/03\/12-SDB-1024x768.jpg 1024w, https:\/\/www.lamy.restaurant\/wp-content\/uploads\/2021\/03\/12-SDB-768x576.jpg 768w, https:\/\/www.lamy.restaurant\/wp-content\/uploads\/2021\/03\/12-SDB-1536x1152.jpg 1536w, https:\/\/www.lamy.restaurant\/wp-content\/uploads\/2021\/03\/12-SDB-2048x1536.jpg 2048w\" sizes=\"(max-width: 1920px) 100vw, 1920px\" \/><\/div><div class=\"ls-slide\" data-ls=\"kenburnsscale:1.2;\"><img width=\"1920\" height=\"1440\" src=\"https:\/\/www.lamy.restaurant\/wp-content\/uploads\/2021\/03\/12-Chambre-scaled.jpg\" class=\"ls-bg\" alt=\"\" srcset=\"https:\/\/www.lamy.restaurant\/wp-content\/uploads\/2021\/03\/12-Chambre-scaled.jpg 1920w, https:\/\/www.lamy.restaurant\/wp-content\/uploads\/2021\/03\/12-Chambre-300x225.jpg 300w, https:\/\/www.lamy.restaurant\/wp-content\/uploads\/2021\/03\/12-Chambre-1024x768.jpg 1024w, https:\/\/www.lamy.restaurant\/wp-content\/uploads\/2021\/03\/12-Chambre-768x576.jpg 768w, https:\/\/www.lamy.restaurant\/wp-content\/uploads\/2021\/03\/12-Chambre-1536x1152.jpg 1536w, https:\/\/www.lamy.restaurant\/wp-content\/uploads\/2021\/03\/12-Chambre-2048x1536.jpg 2048w\" sizes=\"(max-width: 1920px) 100vw, 1920px\" \/><\/div><\/div><\/div>\n<\/div>\n\n\n\n<p><\/p>","protected":false},"excerpt":{"rendered":"<p>R\u00e9cemment r\u00e9nov\u00e9e, la suite est tr\u00e8s spacieuse, pas moins de 60m\u00b2 privatif comprenant un salon avec divan-lit convertible et sa salle de bain en marbre avec baignoire de baln\u00e9oth\u00e9rapie. Caract\u00e9ristiques: Baignoire baln\u00e9oth\u00e9rapie privative 60 m\u00b2 d&rsquo;espace privatif Possibilit\u00e9 d&rsquo;accueillir jusqu&rsquo;\u00e0 5 personnes T\u00e9l\u00e9vision \u00e9cran plat Chambre insonoris\u00e9e Parking gratuit Salle de bain privative Petit d\u00e9jeuner [&hellip;]<\/p>","protected":false},"author":2,"featured_media":0,"parent":0,"menu_order":0,"comment_status":"closed","ping_status":"closed","template":"","meta":{"_seopress_robots_primary_cat":"","_seopress_titles_title":"Suite de luxe \u00e0 Troisvierges, Luxembourg - \u00c9l\u00e9gance et confort","_seopress_titles_desc":"D\u00e9couvrez notre suite de luxe \u00e0 Troisvierges. \u00c9l\u00e9gance et confort au c\u0153ur du Luxembourg. R\u00e9servez d\u00e8s maintenant!","_seopress_robots_index":""},"_links":{"self":[{"href":"https:\/\/www.lamy.restaurant\/de\/wp-json\/wp\/v2\/pages\/5019"}],"collection":[{"href":"https:\/\/www.lamy.restaurant\/de\/wp-json\/wp\/v2\/pages"}],"about":[{"href":"https:\/\/www.lamy.restaurant\/de\/wp-json\/wp\/v2\/types\/page"}],"author":[{"embeddable":true,"href":"https:\/\/www.lamy.restaurant\/de\/wp-json\/wp\/v2\/users\/2"}],"replies":[{"embeddable":true,"href":"https:\/\/www.lamy.restaurant\/de\/wp-json\/wp\/v2\/comments?post=5019"}],"version-history":[{"count":4,"href":"https:\/\/www.lamy.restaurant\/de\/wp-json\/wp\/v2\/pages\/5019\/revisions"}],"predecessor-version":[{"id":6590,"href":"https:\/\/www.lamy.restaurant\/de\/wp-json\/wp\/v2\/pages\/5019\/revisions\/6590"}],"wp:attachment":[{"href":"https:\/\/www.lamy.restaurant\/de\/wp-json\/wp\/v2\/media?parent=5019"}],"curies":[{"name":"wp","href":"https:\/\/api.w.org\/{rel}","templated":true}]}}