{"id":5787,"date":"2022-06-16T12:48:10","date_gmt":"2022-06-16T11:48:10","guid":{"rendered":"https:\/\/www.lamy.restaurant\/?page_id=5787"},"modified":"2022-06-16T13:23:35","modified_gmt":"2022-06-16T12:23:35","slug":"restauration","status":"publish","type":"page","link":"https:\/\/www.lamy.restaurant\/de\/restauration\/","title":{"rendered":"Restauration"},"content":{"rendered":"<p style=\"font-size:18px\"><strong>Une carte, pour tous les go\u00fbts<\/strong>.<\/p>\n\n\n\n<p style=\"font-size:18px\">Dans notre \u00e9tablissement, nous vous servons tous les jours des plats vari\u00e9s et fra\u00eechement pr\u00e9par\u00e9s. Nous utilisons des ingr\u00e9dients s\u00e9lectionn\u00e9s et de grande qualit\u00e9 provenant de la r\u00e9gion. Des plats locaux aux plats fran\u00e7ais et italiens, notre carte r\u00e9pond \u00e0 tous les souhaits.<\/p>\n\n\n\n<p style=\"font-size:18px\">Vous pouvez savourer votre repas dans diff\u00e9rentes salles et ambiances : Restaurant, Irish Pub ou Terrasse.<\/p>","protected":false},"excerpt":{"rendered":"<p>Une carte, pour tous les go\u00fbts. Dans notre \u00e9tablissement, nous vous servons tous les jours des plats vari\u00e9s et fra\u00eechement pr\u00e9par\u00e9s. Nous utilisons des ingr\u00e9dients s\u00e9lectionn\u00e9s et de grande qualit\u00e9 provenant de la r\u00e9gion. Des plats locaux aux plats fran\u00e7ais et italiens, notre carte r\u00e9pond \u00e0 tous les souhaits. Vous pouvez savourer votre repas dans [&hellip;]<\/p>","protected":false},"author":2,"featured_media":0,"parent":0,"menu_order":0,"comment_status":"closed","ping_status":"closed","template":"","meta":{"_seopress_robots_primary_cat":"","_seopress_titles_title":"","_seopress_titles_desc":"","_seopress_robots_index":""},"_links":{"self":[{"href":"https:\/\/www.lamy.restaurant\/de\/wp-json\/wp\/v2\/pages\/5787"}],"collection":[{"href":"https:\/\/www.lamy.restaurant\/de\/wp-json\/wp\/v2\/pages"}],"about":[{"href":"https:\/\/www.lamy.restaurant\/de\/wp-json\/wp\/v2\/types\/page"}],"author":[{"embeddable":true,"href":"https:\/\/www.lamy.restaurant\/de\/wp-json\/wp\/v2\/users\/2"}],"replies":[{"embeddable":true,"href":"https:\/\/www.lamy.restaurant\/de\/wp-json\/wp\/v2\/comments?post=5787"}],"version-history":[{"count":3,"href":"https:\/\/www.lamy.restaurant\/de\/wp-json\/wp\/v2\/pages\/5787\/revisions"}],"predecessor-version":[{"id":5804,"href":"https:\/\/www.lamy.restaurant\/de\/wp-json\/wp\/v2\/pages\/5787\/revisions\/5804"}],"wp:attachment":[{"href":"https:\/\/www.lamy.restaurant\/de\/wp-json\/wp\/v2\/media?parent=5787"}],"curies":[{"name":"wp","href":"https:\/\/api.w.org\/{rel}","templated":true}]}}