{"id":5900,"date":"2022-06-17T15:20:45","date_gmt":"2022-06-17T14:20:45","guid":{"rendered":"https:\/\/www.lamy.restaurant\/?page_id=5900"},"modified":"2022-06-17T15:22:17","modified_gmt":"2022-06-17T14:22:17","slug":"hotel-presentation","status":"publish","type":"page","link":"https:\/\/www.lamy.restaurant\/de\/hotel-presentation\/","title":{"rendered":"Hotel presentation"},"content":{"rendered":"<p style=\"font-size:18px\"><strong>Un h\u00f4tel, familial et convivial.<\/strong><\/p>\n\n\n\n<p style=\"font-size:18px\">A l\u2019arriv\u00e9e de la piste cyclable Vennbahn, sur les chemins de randonn\u00e9e de l\u2019\u00c9islek Trail, pour un repas gastronomique ou pour simplement d\u00e9couvrir la r\u00e9gion, toutes les raisons sont bonnes pour passer une nuit chez nous.<\/p>\n\n\n\n<p style=\"font-size:18px\">De la chambre&nbsp;<em>classique<\/em>&nbsp;\u00e0 la&nbsp;<em>suite<\/em>&nbsp;en passant par la chambre&nbsp;<em>familiale<\/em>, vous serez log\u00e9s dans une ambiance sobre et moderne. Chaque chambre est dot\u00e9e de triple vitrage et d\u2019un lit King Size afin de vous offrir des nuits douces et paisibles.<\/p>\n\n\n\n<p style=\"font-size:18px\">Le matin, profitez de notre nouveau petit d\u00e9jeuner buffet adapt\u00e9 \u00e0 une journ\u00e9e sportive ou de d\u00e9tente.<\/p>","protected":false},"excerpt":{"rendered":"<p>Un h\u00f4tel, familial et convivial. A l\u2019arriv\u00e9e de la piste cyclable Vennbahn, sur les chemins de randonn\u00e9e de l\u2019\u00c9islek Trail, pour un repas gastronomique ou pour simplement d\u00e9couvrir la r\u00e9gion, toutes les raisons sont bonnes pour passer une nuit chez nous. De la chambre&nbsp;classique&nbsp;\u00e0 la&nbsp;suite&nbsp;en passant par la chambre&nbsp;familiale, vous serez log\u00e9s dans une ambiance [&hellip;]<\/p>","protected":false},"author":2,"featured_media":0,"parent":0,"menu_order":0,"comment_status":"closed","ping_status":"closed","template":"","meta":{"_seopress_robots_primary_cat":"","_seopress_titles_title":"","_seopress_titles_desc":"","_seopress_robots_index":""},"_links":{"self":[{"href":"https:\/\/www.lamy.restaurant\/de\/wp-json\/wp\/v2\/pages\/5900"}],"collection":[{"href":"https:\/\/www.lamy.restaurant\/de\/wp-json\/wp\/v2\/pages"}],"about":[{"href":"https:\/\/www.lamy.restaurant\/de\/wp-json\/wp\/v2\/types\/page"}],"author":[{"embeddable":true,"href":"https:\/\/www.lamy.restaurant\/de\/wp-json\/wp\/v2\/users\/2"}],"replies":[{"embeddable":true,"href":"https:\/\/www.lamy.restaurant\/de\/wp-json\/wp\/v2\/comments?post=5900"}],"version-history":[{"count":2,"href":"https:\/\/www.lamy.restaurant\/de\/wp-json\/wp\/v2\/pages\/5900\/revisions"}],"predecessor-version":[{"id":5904,"href":"https:\/\/www.lamy.restaurant\/de\/wp-json\/wp\/v2\/pages\/5900\/revisions\/5904"}],"wp:attachment":[{"href":"https:\/\/www.lamy.restaurant\/de\/wp-json\/wp\/v2\/media?parent=5900"}],"curies":[{"name":"wp","href":"https:\/\/api.w.org\/{rel}","templated":true}]}}