{"id":2472,"date":"2014-03-17T10:27:49","date_gmt":"2014-03-17T10:27:49","guid":{"rendered":"http:\/\/copy.cro.ma\/grill\/?page_id=2472"},"modified":"2022-06-16T13:21:26","modified_gmt":"2022-06-16T12:21:26","slug":"welcome-to-grill","status":"publish","type":"page","link":"https:\/\/www.lamy.restaurant\/en\/welcome-to-grill\/","title":{"rendered":"Bienvenue chez LAMY"},"content":{"rendered":"<p style=\"font-size:18px\"><strong>Bienvenue chez LAMY, depuis 1892.<\/strong><\/p>\n\n\n\n<p class=\"has-text-align-left\" style=\"font-size:18px\">Au c\u0153ur des Ardennes luxembourgeoises, vous attendent des vacances pour se d\u00e9connecter et se reposer. Entre ch\u00e2teaux, forteresses et lacs, nous vous souhaitons la bienvenue \u00e0 l&rsquo;H\u00f4tel Restaurant Lamy et nous nous r\u00e9jouissons de vous accueillir chez nous.<\/p>\n\n\n\n<p class=\"has-text-align-left\" style=\"font-size:18px\">L&rsquo;H\u00f4tel Restaurant Lamy \u00e9crit son histoire depuis 1892. En 2012, nous avons repris et poursuivi l&rsquo;aventure. Depuis, nous veillons au bien-\u00eatre de nos h\u00f4tes dans un esprit familial. N&rsquo;h\u00e9sitez pas \u00e0 nous contacter, nous sommes toujours \u00e0 l&rsquo;\u00e9coute de vos questions et de vos demandes. L\u2019\u00c9islek n&rsquo;attend que vous pour \u00eatre d\u00e9couverte. Des chemins de campagne idylliques vous invitent \u00e0 des promenades agr\u00e9ables ou \u00e0 des excursions \u00e0 v\u00e9lo. Si vous souhaitez en savoir plus sur l&rsquo;histoire des environs, plusieurs mus\u00e9es vous en donneront l&rsquo;occasion.<\/p>","protected":false},"excerpt":{"rendered":"<p>Bienvenue chez LAMY, depuis 1892. Au c\u0153ur des Ardennes luxembourgeoises, vous attendent des vacances pour se d\u00e9connecter et se reposer. Entre ch\u00e2teaux, forteresses et lacs, nous vous souhaitons la bienvenue \u00e0 l&rsquo;H\u00f4tel Restaurant Lamy et nous nous r\u00e9jouissons de vous accueillir chez nous. L&rsquo;H\u00f4tel Restaurant Lamy \u00e9crit son histoire depuis 1892. En 2012, nous avons [&hellip;]<\/p>","protected":false},"author":1,"featured_media":0,"parent":0,"menu_order":0,"comment_status":"open","ping_status":"open","template":"","meta":{"_seopress_robots_primary_cat":"","_seopress_titles_title":"","_seopress_titles_desc":"","_seopress_robots_index":""},"_links":{"self":[{"href":"https:\/\/www.lamy.restaurant\/en\/wp-json\/wp\/v2\/pages\/2472"}],"collection":[{"href":"https:\/\/www.lamy.restaurant\/en\/wp-json\/wp\/v2\/pages"}],"about":[{"href":"https:\/\/www.lamy.restaurant\/en\/wp-json\/wp\/v2\/types\/page"}],"author":[{"embeddable":true,"href":"https:\/\/www.lamy.restaurant\/en\/wp-json\/wp\/v2\/users\/1"}],"replies":[{"embeddable":true,"href":"https:\/\/www.lamy.restaurant\/en\/wp-json\/wp\/v2\/comments?post=2472"}],"version-history":[{"count":31,"href":"https:\/\/www.lamy.restaurant\/en\/wp-json\/wp\/v2\/pages\/2472\/revisions"}],"predecessor-version":[{"id":5803,"href":"https:\/\/www.lamy.restaurant\/en\/wp-json\/wp\/v2\/pages\/2472\/revisions\/5803"}],"wp:attachment":[{"href":"https:\/\/www.lamy.restaurant\/en\/wp-json\/wp\/v2\/media?parent=2472"}],"curies":[{"name":"wp","href":"https:\/\/api.w.org\/{rel}","templated":true}]}}