{"id":2877,"date":"2014-11-24T22:29:19","date_gmt":"2014-11-24T21:29:19","guid":{"rendered":"http:\/\/www.lamy.restaurant\/?page_id=2877"},"modified":"2024-03-02T10:13:52","modified_gmt":"2024-03-02T09:13:52","slug":"pizzeria-menu","status":"publish","type":"page","link":"https:\/\/www.lamy.restaurant\/en\/pizzeria-menu\/","title":{"rendered":"Pizzas"},"content":{"rendered":"<div style=\"width:100%; text-align: center;\">\n  <iframe style=\"border: 1px solid #777; width:100%;\" src=\"https:\/\/indd.adobe.com\/embed\/2159da78-f7c3-4c01-b3f7-0d53fa019b5c?startpage=1&amp;allowFullscreen=false\" height=\"800px\" frameborder=\"0\" allowfullscreen=\"\"><\/iframe>\n<\/div>","protected":false},"excerpt":{"rendered":"","protected":false},"author":1,"featured_media":0,"parent":0,"menu_order":0,"comment_status":"open","ping_status":"closed","template":"","meta":{"_seopress_robots_primary_cat":"","_seopress_titles_title":"D\u00e9licieuses pizzas \u00e0 Troisvierges, Luxembourg - Savourez l&#039;Italie","_seopress_titles_desc":"D\u00e9gustez nos pizzas \u00e0 Troisvierges. Saveurs italiennes authentiques pr\u00e8s de chez vous. Commandez maintenant pour une exp\u00e9rience d\u00e9licieuse!","_seopress_robots_index":""},"_links":{"self":[{"href":"https:\/\/www.lamy.restaurant\/en\/wp-json\/wp\/v2\/pages\/2877"}],"collection":[{"href":"https:\/\/www.lamy.restaurant\/en\/wp-json\/wp\/v2\/pages"}],"about":[{"href":"https:\/\/www.lamy.restaurant\/en\/wp-json\/wp\/v2\/types\/page"}],"author":[{"embeddable":true,"href":"https:\/\/www.lamy.restaurant\/en\/wp-json\/wp\/v2\/users\/1"}],"replies":[{"embeddable":true,"href":"https:\/\/www.lamy.restaurant\/en\/wp-json\/wp\/v2\/comments?post=2877"}],"version-history":[{"count":11,"href":"https:\/\/www.lamy.restaurant\/en\/wp-json\/wp\/v2\/pages\/2877\/revisions"}],"predecessor-version":[{"id":6593,"href":"https:\/\/www.lamy.restaurant\/en\/wp-json\/wp\/v2\/pages\/2877\/revisions\/6593"}],"wp:attachment":[{"href":"https:\/\/www.lamy.restaurant\/en\/wp-json\/wp\/v2\/media?parent=2877"}],"curies":[{"name":"wp","href":"https:\/\/api.w.org\/{rel}","templated":true}]}}