{"id":2886,"date":"2014-11-26T09:40:34","date_gmt":"2014-11-26T08:40:34","guid":{"rendered":"http:\/\/www.lamy.restaurant\/?page_id=2886"},"modified":"2026-04-06T22:31:43","modified_gmt":"2026-04-06T21:31:43","slug":"plats-du-jour","status":"publish","type":"page","link":"https:\/\/www.lamy.restaurant\/en\/plats-du-jour\/","title":{"rendered":"Plats du jour"},"content":{"rendered":"<div class=\"wp-container-3 wp-block-columns\">\n<div class=\"wp-container-2 wp-block-column\" style=\"flex-basis:100%\">\n<div class=\"wp-container-1 wp-block-group\"><div class=\"wp-block-group__inner-container\"><ul class=\"wp-block-latest-posts__list aligncenter wp-block-latest-posts\"><li><a class=\"wp-block-latest-posts__post-title\" href=\"https:\/\/www.lamy.restaurant\/en\/menus-du-jour-tagesmenu-13-04-17-04\/\">Menus du jour \u2022 Tagesmen\u00fc \u2022 13.04. &#8211; 17.04.<\/a><div class=\"wp-block-latest-posts__post-full-content\"><!-- wp:image {\"id\":7481,\"sizeSlug\":\"large\",\"linkDestination\":\"media\"} -->\n<figure class=\"wp-block-image size-large\"><a href=\"https:\/\/www.lamy.restaurant\/wp-content\/uploads\/2026\/04\/PdJ_2026_S15_1920x675.png\"><img width=\"1024\" height=\"360\" src=\"https:\/\/www.lamy.restaurant\/wp-content\/uploads\/2026\/04\/PdJ_2026_S15_1920x675-1024x360.png\" alt=\"\" class=\"wp-image-7481\" srcset=\"https:\/\/www.lamy.restaurant\/wp-content\/uploads\/2026\/04\/PdJ_2026_S15_1920x675-1024x360.png 1024w, https:\/\/www.lamy.restaurant\/wp-content\/uploads\/2026\/04\/PdJ_2026_S15_1920x675-300x105.png 300w, https:\/\/www.lamy.restaurant\/wp-content\/uploads\/2026\/04\/PdJ_2026_S15_1920x675-768x270.png 768w, https:\/\/www.lamy.restaurant\/wp-content\/uploads\/2026\/04\/PdJ_2026_S15_1920x675-1536x540.png 1536w, https:\/\/www.lamy.restaurant\/wp-content\/uploads\/2026\/04\/PdJ_2026_S15_1920x675-18x6.png 18w, https:\/\/www.lamy.restaurant\/wp-content\/uploads\/2026\/04\/PdJ_2026_S15_1920x675.png 1920w\" sizes=\"(max-width: 1024px) 100vw, 1024px\" \/><\/a><\/figure>\n<!-- \/wp:image -->\n\n<!-- wp:columns -->\n<div class=\"wp-block-columns\"><!-- wp:column -->\n<div class=\"wp-block-column\"><!-- wp:paragraph -->\n<p><strong>Entr\u00e9es :<\/strong><br>Potage du jour OU<br>Cassolette de la mer fa\u00e7on bouillabaisse<br><strong>Viande :<\/strong><br>Cordon bleu de volaille, cr\u00e8me de champignons, frites et salade<br><strong>Poisson :<\/strong><br>Brochette de scampis, sauce a\u00efoli, pommes de terre r\u00f4ties et petite salade<br><strong>V\u00e9g\u00e9tarien :<\/strong><br>Nouilles saut\u00e9es aux l\u00e9gumes tha\u00efs<br><strong>Dessert :<\/strong><br>Cr\u00e8me caramel<\/p>\n<!-- \/wp:paragraph --><\/div>\n<!-- \/wp:column -->\n\n<!-- wp:column -->\n<div class=\"wp-block-column\"><!-- wp:paragraph -->\n<p><strong>Vorspeisen :<\/strong><br>Tagessuppe ODER<br>Meeresfr\u00fcchte-Kasserolle nach Bouillabaisse-Art<br><strong>Fleisch :<\/strong><br>Gefl\u00fcgel-Cordon-Bleu mit Champignoncreme, Pommes frites und Salat<br><strong>Fisch :<\/strong><br>Scampi-Spie\u00df mit Aioli-Sauce, R\u00f6stkartoffeln und kleinem Salat<br><strong>Vegetarisch :<\/strong><br>Gebratene Nudeln mit Thai-Gem\u00fcse<br><strong>Dessert :<\/strong><br>Cr\u00e8me Caramel<\/p>\n<!-- \/wp:paragraph --><\/div>\n<!-- \/wp:column --><\/div>\n<!-- \/wp:columns --><\/div><\/li>\n<\/ul><\/div><\/div>\n<\/div>\n<\/div>","protected":false},"excerpt":{"rendered":"","protected":false},"author":1,"featured_media":0,"parent":0,"menu_order":0,"comment_status":"open","ping_status":"closed","template":"","meta":{"_seopress_robots_primary_cat":"","_seopress_titles_title":"","_seopress_titles_desc":"","_seopress_robots_index":""},"_links":{"self":[{"href":"https:\/\/www.lamy.restaurant\/en\/wp-json\/wp\/v2\/pages\/2886"}],"collection":[{"href":"https:\/\/www.lamy.restaurant\/en\/wp-json\/wp\/v2\/pages"}],"about":[{"href":"https:\/\/www.lamy.restaurant\/en\/wp-json\/wp\/v2\/types\/page"}],"author":[{"embeddable":true,"href":"https:\/\/www.lamy.restaurant\/en\/wp-json\/wp\/v2\/users\/1"}],"replies":[{"embeddable":true,"href":"https:\/\/www.lamy.restaurant\/en\/wp-json\/wp\/v2\/comments?post=2886"}],"version-history":[{"count":237,"href":"https:\/\/www.lamy.restaurant\/en\/wp-json\/wp\/v2\/pages\/2886\/revisions"}],"predecessor-version":[{"id":7433,"href":"https:\/\/www.lamy.restaurant\/en\/wp-json\/wp\/v2\/pages\/2886\/revisions\/7433"}],"wp:attachment":[{"href":"https:\/\/www.lamy.restaurant\/en\/wp-json\/wp\/v2\/media?parent=2886"}],"curies":[{"name":"wp","href":"https:\/\/api.w.org\/{rel}","templated":true}]}}