{"id":3371,"date":"2017-10-27T16:29:29","date_gmt":"2017-10-27T15:29:29","guid":{"rendered":"http:\/\/www.lamy.restaurant\/?page_id=3371"},"modified":"2025-04-02T18:03:43","modified_gmt":"2025-04-02T17:03:43","slug":"lamy-family","status":"publish","type":"page","link":"https:\/\/www.lamy.restaurant\/en\/lamy-family\/","title":{"rendered":"Lamy Family"},"content":{"rendered":"<p><\/p>\n\n\n<div class=\"wp-block-image\">\n<figure class=\"aligncenter size-full\"><a href=\"https:\/\/www.lamy.restaurant\/wp-content\/uploads\/2025\/04\/qr_code.png\"><img width=\"250\" height=\"250\" src=\"https:\/\/www.lamy.restaurant\/wp-content\/uploads\/2025\/04\/qr_code.png\" alt=\"\" class=\"wp-image-7022\" srcset=\"https:\/\/www.lamy.restaurant\/wp-content\/uploads\/2025\/04\/qr_code.png 250w, https:\/\/www.lamy.restaurant\/wp-content\/uploads\/2025\/04\/qr_code-150x150.png 150w, https:\/\/www.lamy.restaurant\/wp-content\/uploads\/2025\/04\/qr_code-12x12.png 12w, https:\/\/www.lamy.restaurant\/wp-content\/uploads\/2025\/04\/qr_code-200x200.png 200w\" sizes=\"(max-width: 250px) 100vw, 250px\" \/><\/a><\/figure><\/div>\n\n\n<p class=\"has-text-align-center\">Nous avons mis \u00e0 jour notre programme fid\u00e9lit\u00e9.<br>D\u00e8s maintenant, vous recevrez des points \u00e0 chaque commande.<\/p>\n\n\n\n<p class=\"has-text-align-center\">Avec le palier <strong>Gourmand<\/strong> (0-2999), chaque euro d\u00e9pens\u00e9 vous rapportera 1 point.<\/p>\n\n\n\n<p class=\"has-text-align-center\">Avec le palier <strong>\u00c9picurien<\/strong> (3000-9999), chaque euro d\u00e9pens\u00e9 vous rapportera 3 points.<\/p>\n\n\n\n<p class=\"has-text-align-center\">Avec le palier <strong>Maitre du Festin <\/strong>(+10000), chaque euro d\u00e9pens\u00e9 vous rapportera 5 points.<\/p>\n\n\n\n<p class=\"has-text-align-center\">A partir de 1000 points, vous pourrez b\u00e9n\u00e9ficier des r\u00e9ductions suivantes :<br>\u2705 1000 points = 10 \u20ac<br>\u2705 5000 points = 50 \u20ac<br>\u2705 15000 points = 150 \u20ac<\/p>","protected":false},"excerpt":{"rendered":"<p>Nous avons mis \u00e0 jour notre programme fid\u00e9lit\u00e9.D\u00e8s maintenant, vous recevrez des points \u00e0 chaque commande. Avec le palier Gourmand (0-2999), chaque euro d\u00e9pens\u00e9 vous rapportera 1 point. Avec le palier \u00c9picurien (3000-9999), chaque euro d\u00e9pens\u00e9 vous rapportera 3 points. Avec le palier Maitre du Festin (+10000), chaque euro d\u00e9pens\u00e9 vous rapportera 5 points. A [&hellip;]<\/p>","protected":false},"author":2,"featured_media":0,"parent":0,"menu_order":0,"comment_status":"closed","ping_status":"closed","template":"","meta":{"_seopress_robots_primary_cat":"","_seopress_titles_title":"","_seopress_titles_desc":"","_seopress_robots_index":""},"_links":{"self":[{"href":"https:\/\/www.lamy.restaurant\/en\/wp-json\/wp\/v2\/pages\/3371"}],"collection":[{"href":"https:\/\/www.lamy.restaurant\/en\/wp-json\/wp\/v2\/pages"}],"about":[{"href":"https:\/\/www.lamy.restaurant\/en\/wp-json\/wp\/v2\/types\/page"}],"author":[{"embeddable":true,"href":"https:\/\/www.lamy.restaurant\/en\/wp-json\/wp\/v2\/users\/2"}],"replies":[{"embeddable":true,"href":"https:\/\/www.lamy.restaurant\/en\/wp-json\/wp\/v2\/comments?post=3371"}],"version-history":[{"count":6,"href":"https:\/\/www.lamy.restaurant\/en\/wp-json\/wp\/v2\/pages\/3371\/revisions"}],"predecessor-version":[{"id":7030,"href":"https:\/\/www.lamy.restaurant\/en\/wp-json\/wp\/v2\/pages\/3371\/revisions\/7030"}],"wp:attachment":[{"href":"https:\/\/www.lamy.restaurant\/en\/wp-json\/wp\/v2\/media?parent=3371"}],"curies":[{"name":"wp","href":"https:\/\/api.w.org\/{rel}","templated":true}]}}