{"id":3842,"date":"2019-04-19T11:29:56","date_gmt":"2019-04-19T10:29:56","guid":{"rendered":"http:\/\/www.lamy.restaurant\/?page_id=3842"},"modified":"2026-04-11T10:44:10","modified_gmt":"2026-04-11T09:44:10","slug":"la-saison-des-asperges","status":"publish","type":"page","link":"https:\/\/www.lamy.restaurant\/en\/la-saison-des-asperges\/","title":{"rendered":"La saison des asperges"},"content":{"rendered":"<h2>La saison des asperges est ouverte.<\/h2>\n\n\n\n<p>Chaque printemps, l&rsquo;arriv\u00e9e des premi\u00e8res asperges blanches marque le d\u00e9but d&rsquo;un moment \u00e0 part dans notre cuisine. Un produit noble, une saison courte, un plaisir \u00e9ph\u00e9m\u00e8re : c&rsquo;est ce qui rend ces quelques semaines si pr\u00e9cieuses.<\/p>\n\n\n\n<p>Cette ann\u00e9e, notre Chef vous propose une carte d\u00e9di\u00e9e qui c\u00e9l\u00e8bre l&rsquo;asperge sous toutes ses formes : en velout\u00e9 d\u00e9licat, en risotto g\u00e9n\u00e9reux, en tagliatelle parfum\u00e9e au jambon cru, ou simplement nature, accompagn\u00e9e d&rsquo;une sauce mousseline onctueuse.<\/p>\n\n\n\n<figure class=\"wp-block-image size-large\"><a href=\"https:\/\/www.lamy.restaurant\/wp-content\/uploads\/2026\/04\/3P3A0209-scaled.jpg\"><img width=\"1024\" height=\"683\" src=\"https:\/\/www.lamy.restaurant\/wp-content\/uploads\/2026\/04\/3P3A0209-1024x683.jpg\" alt=\"\" class=\"wp-image-7461\" srcset=\"https:\/\/www.lamy.restaurant\/wp-content\/uploads\/2026\/04\/3P3A0209-1024x683.jpg 1024w, https:\/\/www.lamy.restaurant\/wp-content\/uploads\/2026\/04\/3P3A0209-300x200.jpg 300w, https:\/\/www.lamy.restaurant\/wp-content\/uploads\/2026\/04\/3P3A0209-768x512.jpg 768w, https:\/\/www.lamy.restaurant\/wp-content\/uploads\/2026\/04\/3P3A0209-1536x1024.jpg 1536w, https:\/\/www.lamy.restaurant\/wp-content\/uploads\/2026\/04\/3P3A0209-2048x1365.jpg 2048w, https:\/\/www.lamy.restaurant\/wp-content\/uploads\/2026\/04\/3P3A0209-18x12.jpg 18w, https:\/\/www.lamy.restaurant\/wp-content\/uploads\/2026\/04\/3P3A0209-scaled.jpg 1920w\" sizes=\"(max-width: 1024px) 100vw, 1024px\" \/><\/a><figcaption>Filet de cabillaud aux deux asperges<\/figcaption><\/figure>\n\n\n\n<h2>La carte des asperges<\/h2>\n\n\n\n<h2>Entr\u00e9es<\/h2>\n\n\n\n<p><strong>Velout\u00e9 d&rsquo;asperges<\/strong>&nbsp;\u00e0 l&rsquo;huile de noisettes torr\u00e9fi\u00e9es : 16,00 \u20ac<br><strong>Salade d&rsquo;asperges<\/strong>&nbsp;&amp; saumon fum\u00e9 : 19,50 \u20ac<br><strong>Risotto aux asperges<\/strong>&nbsp;&amp; jambon cru : 19,00 \u20ac<\/p>\n\n\n\n<h2>Plats<\/h2>\n\n\n\n<p><strong>Risotto aux asperges<\/strong>&nbsp;&amp; jambon cru : 28,50 \u20ac<br><strong>Tagliatelles aux asperges<\/strong>&nbsp;&amp; jambon cru : 26,00 \u20ac<br><strong>Ballottine de volaille<\/strong>&nbsp;aux pleurotes &amp; asperges, jus brun \u00e0 la sauge, \u00e9cras\u00e9 de pommes de terre \u00e0 l&rsquo;huile d&rsquo;olive : 31,00 \u20ac<br><strong>Filet de cabillaud aux deux asperges<\/strong>, cr\u00e8me de vongole &amp; huile de ciboulette : 32,00 \u20ac<\/p>\n\n\n\n<h2>Classiques<\/h2>\n\n\n\n<p><strong>Asperges blanches sauce mousseline<\/strong>&nbsp;&amp; pommes de terre vapeur : 17,00 \u20ac (entr\u00e9e) \/ 25,50 \u20ac (plat)<br><strong>Asperges blanches \u00e0 la flamande<\/strong>&nbsp;&amp; pommes de terre vapeur : 18,00 \u20ac (entr\u00e9e) \/ 27,00 \u20ac (plat)<br><em>Suppl\u00e9ments : saumon fum\u00e9 6,00 \/ 9,00 \u20ac \u2014 duo de jambon 5,00 \/ 7,50 \u20ac<\/em><\/p>\n\n\n\n<figure class=\"wp-block-image size-large\"><a href=\"https:\/\/www.lamy.restaurant\/wp-content\/uploads\/2026\/04\/IMG_0430-scaled.jpg\"><img width=\"1024\" height=\"768\" src=\"https:\/\/www.lamy.restaurant\/wp-content\/uploads\/2026\/04\/IMG_0430-1024x768.jpg\" alt=\"\" class=\"wp-image-7462\" srcset=\"https:\/\/www.lamy.restaurant\/wp-content\/uploads\/2026\/04\/IMG_0430-1024x768.jpg 1024w, https:\/\/www.lamy.restaurant\/wp-content\/uploads\/2026\/04\/IMG_0430-300x225.jpg 300w, https:\/\/www.lamy.restaurant\/wp-content\/uploads\/2026\/04\/IMG_0430-768x576.jpg 768w, https:\/\/www.lamy.restaurant\/wp-content\/uploads\/2026\/04\/IMG_0430-1536x1152.jpg 1536w, https:\/\/www.lamy.restaurant\/wp-content\/uploads\/2026\/04\/IMG_0430-2048x1536.jpg 2048w, https:\/\/www.lamy.restaurant\/wp-content\/uploads\/2026\/04\/IMG_0430-16x12.jpg 16w, https:\/\/www.lamy.restaurant\/wp-content\/uploads\/2026\/04\/IMG_0430-scaled.jpg 1920w\" sizes=\"(max-width: 1024px) 100vw, 1024px\" \/><\/a><figcaption>Risotto aux asperges<\/figcaption><\/figure>\n\n\n\n<h2>Menu D\u00e9couverte \u2014 51 \u20ac<\/h2>\n\n\n\n<p>Trois services pour explorer les saveurs de la saison.<\/p>\n\n\n\n<p><strong>Entr\u00e9es<\/strong>&nbsp;au choix : Risotto aux asperges &amp; jambon cru OU Salade d&rsquo;asperges &amp; saumon fum\u00e9<\/p>\n\n\n\n<p><strong>Plats<\/strong>&nbsp;au choix : Ballottine de volaille aux pleurotes &amp; asperges, jus brun \u00e0 la sauge, \u00e9cras\u00e9 de pommes de terre \u00e0 l&rsquo;huile d&rsquo;olive OU Filet de cabillaud aux deux asperges, cr\u00e8me de vongole &amp; huile de ciboulette<\/p>\n\n\n\n<p><strong>Desserts<\/strong>&nbsp;au choix : Fraise Melba &amp; chantilly maison OU Assiette gourmande, s\u00e9lection de 5 mini desserts<\/p>\n\n\n\n<figure class=\"wp-block-image size-large\"><a href=\"https:\/\/www.lamy.restaurant\/wp-content\/uploads\/2026\/04\/Asperges_1920x675_Web.png\"><img width=\"1024\" height=\"360\" src=\"https:\/\/www.lamy.restaurant\/wp-content\/uploads\/2026\/04\/Asperges_1920x675_Web-1024x360.png\" alt=\"\" class=\"wp-image-7464\" srcset=\"https:\/\/www.lamy.restaurant\/wp-content\/uploads\/2026\/04\/Asperges_1920x675_Web-1024x360.png 1024w, https:\/\/www.lamy.restaurant\/wp-content\/uploads\/2026\/04\/Asperges_1920x675_Web-300x105.png 300w, https:\/\/www.lamy.restaurant\/wp-content\/uploads\/2026\/04\/Asperges_1920x675_Web-768x270.png 768w, https:\/\/www.lamy.restaurant\/wp-content\/uploads\/2026\/04\/Asperges_1920x675_Web-1536x540.png 1536w, https:\/\/www.lamy.restaurant\/wp-content\/uploads\/2026\/04\/Asperges_1920x675_Web-18x6.png 18w, https:\/\/www.lamy.restaurant\/wp-content\/uploads\/2026\/04\/Asperges_1920x675_Web.png 1920w\" sizes=\"(max-width: 1024px) 100vw, 1024px\" \/><\/a><\/figure>\n\n\n\n<h3>Une saison courte, \u00e0 ne pas manquer.<\/h3>\n\n\n\n<p>Les asperges sont disponibles pour quelques semaines seulement. Nous vous accueillons 7 jours sur 7, midi et soir.<\/p>\n\n\n\n<p><strong>R\u00e9servation<\/strong>&nbsp;: +352 99 80 41 \u2014&nbsp;<a href=\"mailto:info@hrl.lu\">info@hrl.lu<\/a><\/p>\n\n\n\n<div class=\"wp-container-1 wp-block-buttons\">\n<div class=\"wp-block-button has-custom-width wp-block-button__width-100 has-custom-font-size is-style-fill\" style=\"font-size:16px\"><a class=\"wp-block-button__link has-background\" href=\"https:\/\/www.lamy.restaurant\/en\/reservez-votre-table\/\" style=\"border-radius:5px;background-color:#269041\" target=\"_blank\" rel=\"noreferrer noopener\"><strong>R\u00e9servez en ligne<\/strong><\/a><\/div>\n<\/div>","protected":false},"excerpt":{"rendered":"<p>La saison des asperges est ouverte. Chaque printemps, l&rsquo;arriv\u00e9e des premi\u00e8res asperges blanches marque le d\u00e9but d&rsquo;un moment \u00e0 part dans notre cuisine. Un produit noble, une saison courte, un plaisir \u00e9ph\u00e9m\u00e8re : c&rsquo;est ce qui rend ces quelques semaines si pr\u00e9cieuses. Cette ann\u00e9e, notre Chef vous propose une carte d\u00e9di\u00e9e qui c\u00e9l\u00e8bre l&rsquo;asperge sous [&hellip;]<\/p>","protected":false},"author":2,"featured_media":7461,"parent":0,"menu_order":0,"comment_status":"closed","ping_status":"closed","template":"","meta":{"_seopress_robots_primary_cat":"","_seopress_titles_title":"La Saison des Asperges | Restaurant Lamy - Troisvierges","_seopress_titles_desc":"FR : La saison des asperges est de retour au Restaurant Lamy \u00e0 Troisvierges. Asperges blanches mousseline, flamande, risotto, filet de cabillaud \u2014 d\u00e9couvrez notre carte saisonni\u00e8re et notre Menu D\u00e9couverte \u00e0 51 \u20ac.\r\nDE : Die Spargelsaison ist zur\u00fcck im Restaurant Lamy in Troisvierges. Wei\u00dfe Spargel, Risotto, Kabeljau \u2014 entdecken Sie unsere saisonale Karte und unser Entdeckermen\u00fc f\u00fcr 51 \u20ac.\r\nEN : Asparagus season is back at Restaurant Lamy in Troisvierges. White asparagus, risotto, cod fillet \u2014 discover our seasonal menu and 3-course Menu D\u00e9couverte at \u20ac51.","_seopress_robots_index":""},"_links":{"self":[{"href":"https:\/\/www.lamy.restaurant\/en\/wp-json\/wp\/v2\/pages\/3842"}],"collection":[{"href":"https:\/\/www.lamy.restaurant\/en\/wp-json\/wp\/v2\/pages"}],"about":[{"href":"https:\/\/www.lamy.restaurant\/en\/wp-json\/wp\/v2\/types\/page"}],"author":[{"embeddable":true,"href":"https:\/\/www.lamy.restaurant\/en\/wp-json\/wp\/v2\/users\/2"}],"replies":[{"embeddable":true,"href":"https:\/\/www.lamy.restaurant\/en\/wp-json\/wp\/v2\/comments?post=3842"}],"version-history":[{"count":8,"href":"https:\/\/www.lamy.restaurant\/en\/wp-json\/wp\/v2\/pages\/3842\/revisions"}],"predecessor-version":[{"id":7475,"href":"https:\/\/www.lamy.restaurant\/en\/wp-json\/wp\/v2\/pages\/3842\/revisions\/7475"}],"wp:featuredmedia":[{"embeddable":true,"href":"https:\/\/www.lamy.restaurant\/en\/wp-json\/wp\/v2\/media\/7461"}],"wp:attachment":[{"href":"https:\/\/www.lamy.restaurant\/en\/wp-json\/wp\/v2\/media?parent=3842"}],"curies":[{"name":"wp","href":"https:\/\/api.w.org\/{rel}","templated":true}]}}