{"id":4689,"date":"2020-12-05T13:37:29","date_gmt":"2020-12-05T12:37:29","guid":{"rendered":"http:\/\/www.lamy.restaurant\/?page_id=4689"},"modified":"2023-10-24T13:00:22","modified_gmt":"2023-10-24T12:00:22","slug":"fetes","status":"publish","type":"page","link":"https:\/\/www.lamy.restaurant\/en\/fetes\/","title":{"rendered":"F\u00eates de fin d&rsquo;ann\u00e9e 2023"},"content":{"rendered":"<p class=\"has-text-align-center\">Pour le Nouvel An 2024,<br>LAMY vous propose trois formules : <br>Gastronomie, Fondue \u00e0 volont\u00e9 ou Pizzettas \u00e0 volont\u00e9 !<\/p>\n\n\n\n<p class=\"has-text-align-center\">Plus que jamais, LAMY vous offre le choix.<\/p>\n\n\n\n<p class=\"has-text-align-center\">Les r\u00e9servations sont \u00e0 faire au plus tard pour le 17 d\u00e9cembre.<\/p>\n\n\n<div class=\"wp-block-image\">\n<figure class=\"aligncenter size-full\"><a href=\"https:\/\/www.lamy.restaurant\/wp-content\/uploads\/2023\/10\/Annonce.png\"><img width=\"842\" height=\"595\" src=\"https:\/\/www.lamy.restaurant\/wp-content\/uploads\/2023\/10\/Annonce.png\" alt=\"\" class=\"wp-image-6517\" srcset=\"https:\/\/www.lamy.restaurant\/wp-content\/uploads\/2023\/10\/Annonce.png 842w, https:\/\/www.lamy.restaurant\/wp-content\/uploads\/2023\/10\/Annonce-300x212.png 300w, https:\/\/www.lamy.restaurant\/wp-content\/uploads\/2023\/10\/Annonce-768x543.png 768w, https:\/\/www.lamy.restaurant\/wp-content\/uploads\/2023\/10\/Annonce-18x12.png 18w\" sizes=\"(max-width: 842px) 100vw, 842px\" \/><\/a><\/figure><\/div>\n\n\n<p class=\"has-text-align-center has-medium-font-size\"><strong>Formule Gastronomie : Menu 5 services<\/strong><br><em>Salle : restaurant<\/em><\/p>\n\n\n\n<p class=\"has-text-align-center\"><strong>Amuses-bouches<\/strong><br>Croustillant de betterave &amp; b\u0153uf Holstein marin\u00e9<br>Tartelette de homard et garniture v\u00e9g\u00e9tale<br>Sph\u00e8re de tomate &amp; basilic<br>&#8211; <em>Servis \u00e0 tous<\/em> &#8211;<\/p>\n\n\n\n<p class=\"has-text-align-center\"><strong>Entr\u00e9es<\/strong><br>Terrine de foie gras de canard, brioche toast\u00e9e &amp; chutney pomme-poire \u00e0 la cannelle<br>Omble chevalier mi-cuit, \u00e9cume de lait et noisettes torr\u00e9fi\u00e9es<br>L\u00e9g\u00e8ret\u00e9 de c\u00e9leri \u00e0 la truffe<br><em>&#8211; Un choix par personne, \u00e0 communiquer lors de la r\u00e9servation &#8211;<\/em><\/p>\n\n\n\n<p class=\"has-text-align-center\"><strong>Pause gustative<\/strong><br>Sgroppino citron &amp; basilic&nbsp;<br>&#8211; <em>Servis \u00e0 tous<\/em> &#8211;<\/p>\n\n\n\n<p class=\"has-text-align-center\"><strong>Plats<\/strong><br>Mignon de veau aux morilles &amp; aux pleurotes, \u00e9cras\u00e9 de pommes de terre \u00e0 l\u2019huile d\u2019olive<br>Noix de Saint-Jacques po\u00eal\u00e9es &amp; joue de lotte en croute de brioche, l\u00e9gumes en texture, jus agrumes-verveine<br>Tortellini de chou-fleur \u00e0 la truffe, jus de coco de Paimpol et artichaut confit<br><em>&#8211; Un choix par personne, \u00e0 communiquer lors de la r\u00e9servation &#8211; <\/em><\/p>\n\n\n\n<p class=\"has-text-align-center\"><strong>Dessert<\/strong><br>Harmonie entre le sabl\u00e9, les chocolats, les agrumes et le pralin\u00e9&nbsp;<br>&#8211; <em>Servis \u00e0 tous<\/em> &#8211;<\/p>\n\n\n\n<hr class=\"wp-block-separator has-alpha-channel-opacity\"\/>\n\n\n\n<p class=\"has-text-align-center has-medium-font-size\"><strong>Formule Fondue savoyarde \u00e0 volont\u00e9<\/strong><br><em>Salle : Chalet d&rsquo;hiver<\/em><\/p>\n\n\n\n<p class=\"has-text-align-center\"><strong>Fromage &amp; Pain<\/strong><br>A volont\u00e9<\/p>\n\n\n\n<p class=\"has-text-align-center\"><strong>Assiette de charcuterie<\/strong><br>Une par personne<\/p>\n\n\n\n<p class=\"has-text-align-center\"><strong>Pommes de terre grenaille<\/strong><br>Une portion par personne<\/p>\n\n\n\n<hr class=\"wp-block-separator has-alpha-channel-opacity\"\/>\n\n\n\n<p class=\"has-text-align-center has-medium-font-size\"><strong>Formule Pizzettas (mini pizzas) \u00e0 volont\u00e9<\/strong><br><em>Salle : Irish Pub<\/em><\/p>\n\n\n\n<p class=\"has-text-align-center\"><strong>Pizzettas<\/strong><br>Choix parmi toutes les pizzas classiques, sp\u00e9cialit\u00e9s, mer &amp; blanches<br><em>&#8211; Choix sur place, au fur et \u00e0 mesure de la soir\u00e9e &#8211; <\/em><\/p>\n\n\n\n<hr class=\"wp-block-separator has-alpha-channel-opacity\"\/>\n\n\n\n<p class=\"has-text-align-center has-medium-font-size\"><strong>D\u00e8s 23h30 : Soir\u00e9e priv\u00e9e<\/strong><br><em>Salle : Irish Pub<\/em><\/p>\n\n\n\n<p class=\"has-text-align-center\"><strong>Acc\u00e8s r\u00e9serv\u00e9 aux personnes ayant mang\u00e9 sur place<\/strong><br><em>&#8211; Cotillons &amp; animations musicales jusqu&rsquo;\u00e0 2h30 &#8211; <\/em><\/p>","protected":false},"excerpt":{"rendered":"<p>Pour le Nouvel An 2024,LAMY vous propose trois formules : Gastronomie, Fondue \u00e0 volont\u00e9 ou Pizzettas \u00e0 volont\u00e9 ! Plus que jamais, LAMY vous offre le choix. Les r\u00e9servations sont \u00e0 faire au plus tard pour le 17 d\u00e9cembre. Formule Gastronomie : Menu 5 servicesSalle : restaurant Amuses-bouchesCroustillant de betterave &amp; b\u0153uf Holstein marin\u00e9Tartelette de [&hellip;]<\/p>","protected":false},"author":2,"featured_media":0,"parent":0,"menu_order":0,"comment_status":"closed","ping_status":"closed","template":"","meta":{"_seopress_robots_primary_cat":"","_seopress_titles_title":"","_seopress_titles_desc":"","_seopress_robots_index":""},"_links":{"self":[{"href":"https:\/\/www.lamy.restaurant\/en\/wp-json\/wp\/v2\/pages\/4689"}],"collection":[{"href":"https:\/\/www.lamy.restaurant\/en\/wp-json\/wp\/v2\/pages"}],"about":[{"href":"https:\/\/www.lamy.restaurant\/en\/wp-json\/wp\/v2\/types\/page"}],"author":[{"embeddable":true,"href":"https:\/\/www.lamy.restaurant\/en\/wp-json\/wp\/v2\/users\/2"}],"replies":[{"embeddable":true,"href":"https:\/\/www.lamy.restaurant\/en\/wp-json\/wp\/v2\/comments?post=4689"}],"version-history":[{"count":15,"href":"https:\/\/www.lamy.restaurant\/en\/wp-json\/wp\/v2\/pages\/4689\/revisions"}],"predecessor-version":[{"id":6522,"href":"https:\/\/www.lamy.restaurant\/en\/wp-json\/wp\/v2\/pages\/4689\/revisions\/6522"}],"wp:attachment":[{"href":"https:\/\/www.lamy.restaurant\/en\/wp-json\/wp\/v2\/media?parent=4689"}],"curies":[{"name":"wp","href":"https:\/\/api.w.org\/{rel}","templated":true}]}}