{"id":4747,"date":"2020-12-23T14:55:15","date_gmt":"2020-12-23T13:55:15","guid":{"rendered":"http:\/\/www.lamy.restaurant\/?page_id=4747"},"modified":"2024-03-02T10:13:11","modified_gmt":"2024-03-02T09:13:11","slug":"bon-cadeau","status":"publish","type":"page","link":"https:\/\/www.lamy.restaurant\/en\/bon-cadeau\/","title":{"rendered":"Bon cadeau"},"content":{"rendered":"<h2>Suivez les \u00e9tapes ci-dessous !<\/h2>\n\n\n\n<ol><li>Payez le montant souhait\u00e9 en utilisant votre application Payconiq<ul><li>en scannant le QR code ci-dessous<\/li><li>en suivant <a href=\"https:\/\/payconiq.com\/t\/1\/5fcf34f2e90be80007c826f2?R=Bon%20cadeau\">CE LIEN<\/a> (sur t\u00e9l\u00e9phone portable)<\/li><\/ul><\/li><li>Compl\u00e9tez le formulaire ci-dessous<\/li><li>Vous recevrez le bon par e-mail dans la journ\u00e9e<\/li><\/ol>\n\n\n\n<div class=\"wp-container-2 wp-block-columns\">\n<div class=\"wp-container-1 wp-block-column\" style=\"flex-basis:100%\"><\/div>\n<\/div>\n\n\n\n<p><\/p>","protected":false},"excerpt":{"rendered":"<p>Suivez les \u00e9tapes ci-dessous ! Payez le montant souhait\u00e9 en utilisant votre application Payconiq en scannant le QR code ci-dessous en suivant CE LIEN (sur t\u00e9l\u00e9phone portable) Compl\u00e9tez le formulaire ci-dessous Vous recevrez le bon par e-mail dans la journ\u00e9e<\/p>","protected":false},"author":2,"featured_media":0,"parent":0,"menu_order":0,"comment_status":"closed","ping_status":"closed","template":"","meta":{"_seopress_robots_primary_cat":"","_seopress_titles_title":"Bon cadeau Restaurant Lamy - Offrez le plaisir de la gastronomie","_seopress_titles_desc":"Offrez un bon cadeau pour le Restaurant Lamy. Une exp\u00e9rience gastronomique inoubliable \u00e0 Troisvierges. Commandez d\u00e8s maintenant!","_seopress_robots_index":""},"_links":{"self":[{"href":"https:\/\/www.lamy.restaurant\/en\/wp-json\/wp\/v2\/pages\/4747"}],"collection":[{"href":"https:\/\/www.lamy.restaurant\/en\/wp-json\/wp\/v2\/pages"}],"about":[{"href":"https:\/\/www.lamy.restaurant\/en\/wp-json\/wp\/v2\/types\/page"}],"author":[{"embeddable":true,"href":"https:\/\/www.lamy.restaurant\/en\/wp-json\/wp\/v2\/users\/2"}],"replies":[{"embeddable":true,"href":"https:\/\/www.lamy.restaurant\/en\/wp-json\/wp\/v2\/comments?post=4747"}],"version-history":[{"count":14,"href":"https:\/\/www.lamy.restaurant\/en\/wp-json\/wp\/v2\/pages\/4747\/revisions"}],"predecessor-version":[{"id":6329,"href":"https:\/\/www.lamy.restaurant\/en\/wp-json\/wp\/v2\/pages\/4747\/revisions\/6329"}],"wp:attachment":[{"href":"https:\/\/www.lamy.restaurant\/en\/wp-json\/wp\/v2\/media?parent=4747"}],"curies":[{"name":"wp","href":"https:\/\/api.w.org\/{rel}","templated":true}]}}