{"id":4918,"date":"2021-03-15T16:48:13","date_gmt":"2021-03-15T15:48:13","guid":{"rendered":"https:\/\/www.lamy.restaurant\/?page_id=4918"},"modified":"2025-04-23T18:45:31","modified_gmt":"2025-04-23T17:45:31","slug":"hotel","status":"publish","type":"page","link":"https:\/\/www.lamy.restaurant\/en\/hotel\/","title":{"rendered":"H\u00f4tel"},"content":{"rendered":"<div class=\"wp-container-3 wp-block-columns\">\n<div class=\"wp-container-1 wp-block-column\" style=\"flex-basis:66.66%\">\n<p class=\"has-small-font-size\">L\u2019h\u00f4tel dispose de 10 chambres confortables : chacune est \u00e9quip\u00e9e d\u2019une salle de bain privative et d\u2019une t\u00e9l\u00e9vision LED \u00e0 \u00e9cran plat. De la chambre \u00ab standard \u00bb \u00e0 la suite en passant par la chambre \u00ab confort \u00bb, vous serez log\u00e9s dans une ambiance sobre et moderne.<br><br>Chaque chambre est dot\u00e9e de fen\u00eatres \u00e0 triple vitrage et d\u2019un lit \u00ab King Size \u00bb afin de vous garantir des nuits douces et paisibles.<br><br>Vous pourrez \u00e9galement profiter du<strong> wifi gratuit,<\/strong> disponible dans l\u2019ensemble de l\u2019\u00e9tablissement, ainsi que d\u2019un ascenseur donnant acc\u00e8s au premier \u00e9tage de l\u2019h\u00f4tel.<br><br>Chaque matin, entre 8h et 10h, vous aurez l\u2019occasion de d\u00e9guster un <strong>petit d\u00e9jeuner<\/strong> continental comprenant des viennoiseries cuites sur place. Si vous d\u00e9sirez d\u00e9jeuner plus t\u00f4t, n\u2019h\u00e9sitez pas \u00e0 nous en faire part.<\/p>\n\n\n\n<p class=\"has-small-font-size\">Amis des <strong>animaux<\/strong>, vos compagnons \u00e0 quatre pattes sont les bienvenus dans notre \u00e9tablissement moyennant un suppl\u00e9ment de 5\u20ac par nuit.<br><br>Tout au long de votre s\u00e9jour \u00e0 Troisvierges, vous aurez l\u2019opportunit\u00e9 de parcourir une r\u00e9gion riche en activit\u00e9s culturelles, sportives et historiques. De nombreuses balades vous permettront de d\u00e9couvrir les Ardennes luxembourgeoises et si vous appr\u00e9ciez les promenades \u00e0 v\u00e9lo, la \u00ab Vennbahn \u00bb est id\u00e9ale puisqu\u2019elle permet de relier Troisvierges \u00e0 Aachen (Aix-la-Chapelle) via un parcours de 125 kilom\u00e8tres. Notre \u00e9tablissement offre d\u2019ailleurs la possibilit\u00e9, sous r\u00e9serve de disponibilit\u00e9, de louer des v\u00e9los sur place. L\u2019\u00e9tablissement dispose d\u2019un local ferm\u00e9 \u00e0 clef qui est \u00e0 votre disposition pour y ranger vos v\u00e9los, nous vous pr\u00eatons du mat\u00e9riel de r\u00e9paration ou d\u2019entretien et nous vous proposons un service permettant de s\u00e9cher vos v\u00eatements ou vos \u00e9quipements. C\u2019est pour toutes ces raisons que l\u2019h\u00f4tel Lamy est d\u00e9tenteur du label \u00ab <strong>Bed and Bike<\/strong> \u00bb.<br><br>Si vous vous passionnez pour <strong>l\u2019Histoire <\/strong>et principalement pour la Bataille des Ardennes, de nombreux mus\u00e9es et villes historiques, comme Bastogne ou Diekirch, sont situ\u00e9s dans les environs. Le \u00ab Sentier des Passeurs \u00bb, au d\u00e9part de la gare de Troisvierges, vous fera revivre le souvenir des r\u00e9sistants luxembourgeois qui organisaient des fili\u00e8res d\u2019\u00e9vasion vers la Belgique.<\/p>\n<\/div>\n\n\n\n<div class=\"wp-container-2 wp-block-column\" style=\"flex-basis:33.33%\">\n<div id='widgetContainerBox' data-isaddnofollow='false' style=\"width: 100%;\"><\/div>\n\n<style>\n  #widgetContainerBox * {\n    box-sizing: border-box;\n  }\n\n  #widgetContainerBox > div {\n    width: 100% !important;  \/* Force tous les \u00e9l\u00e9ments directs internes \u00e0 100% *\/\n    max-width: 100% !important;\n  }\n<\/style>\n\n<script src='https:\/\/apps.expediapartnercentral.com\/lodging\/content\/award\/static\/js\/rating\/6447060\/Hotels-Light-Square-en_US.js?widgetName=Widget \u00c9valuation de l\u2019h\u00e9bergement&#038;hotelName=H\u00f4tel Restaurant Lamy&#038;noFollow=false'><\/script>\n\n\n\n\n<figure class=\"wp-block-image size-large\"><a href=\"https:\/\/www.visit-eislek.lu\"><img width=\"1024\" height=\"755\" src=\"https:\/\/www.lamy.restaurant\/wp-content\/uploads\/2025\/04\/Eislek-1024x755.png\" alt=\"\" class=\"wp-image-7066\" srcset=\"https:\/\/www.lamy.restaurant\/wp-content\/uploads\/2025\/04\/Eislek-1024x755.png 1024w, https:\/\/www.lamy.restaurant\/wp-content\/uploads\/2025\/04\/Eislek-300x221.png 300w, https:\/\/www.lamy.restaurant\/wp-content\/uploads\/2025\/04\/Eislek-768x566.png 768w, https:\/\/www.lamy.restaurant\/wp-content\/uploads\/2025\/04\/Eislek-16x12.png 16w, https:\/\/www.lamy.restaurant\/wp-content\/uploads\/2025\/04\/Eislek.png 1200w\" sizes=\"(max-width: 1024px) 100vw, 1024px\" \/><\/a><\/figure>\n\n\n\n<figure class=\"wp-block-image size-large\"><a href=\"https:\/\/bedandbike.lu\/fr\"><img width=\"1024\" height=\"321\" src=\"https:\/\/www.lamy.restaurant\/wp-content\/uploads\/2025\/04\/logo-bed-bike-1024x321.jpg\" alt=\"\" class=\"wp-image-7065\" srcset=\"https:\/\/www.lamy.restaurant\/wp-content\/uploads\/2025\/04\/logo-bed-bike-1024x321.jpg 1024w, https:\/\/www.lamy.restaurant\/wp-content\/uploads\/2025\/04\/logo-bed-bike-300x94.jpg 300w, https:\/\/www.lamy.restaurant\/wp-content\/uploads\/2025\/04\/logo-bed-bike-768x241.jpg 768w, https:\/\/www.lamy.restaurant\/wp-content\/uploads\/2025\/04\/logo-bed-bike-18x6.jpg 18w, https:\/\/www.lamy.restaurant\/wp-content\/uploads\/2025\/04\/logo-bed-bike.jpg 1146w\" sizes=\"(max-width: 1024px) 100vw, 1024px\" \/><\/a><\/figure>\n<\/div>\n<\/div>\n\n\n\n<div class=\"wp-container-6 wp-block-columns\">\n<div class=\"wp-container-5 wp-block-column\" style=\"flex-basis:100%\">\n<div class=\"wp-block-cover has-custom-content-position is-position-bottom-right\" style=\"min-height:403px\"><span aria-hidden=\"true\" class=\"wp-block-cover__background has-background-dim-30 has-background-dim\"><\/span><img width=\"1920\" height=\"1440\" class=\"wp-block-cover__image-background wp-image-4883\" alt=\"\" src=\"https:\/\/www.lamy.restaurant\/wp-content\/uploads\/2021\/03\/6-Chambre-scaled.jpg\" style=\"object-position:80% 46%\" data-object-fit=\"cover\" data-object-position=\"80% 46%\" srcset=\"https:\/\/www.lamy.restaurant\/wp-content\/uploads\/2021\/03\/6-Chambre-scaled.jpg 1920w, https:\/\/www.lamy.restaurant\/wp-content\/uploads\/2021\/03\/6-Chambre-300x225.jpg 300w, https:\/\/www.lamy.restaurant\/wp-content\/uploads\/2021\/03\/6-Chambre-1024x768.jpg 1024w, https:\/\/www.lamy.restaurant\/wp-content\/uploads\/2021\/03\/6-Chambre-768x576.jpg 768w, https:\/\/www.lamy.restaurant\/wp-content\/uploads\/2021\/03\/6-Chambre-1536x1152.jpg 1536w, https:\/\/www.lamy.restaurant\/wp-content\/uploads\/2021\/03\/6-Chambre-2048x1536.jpg 2048w\" sizes=\"(max-width: 1920px) 100vw, 1920px\" \/><div class=\"wp-block-cover__inner-container\">\n<p class=\"has-text-align-right has-white-color has-text-color\" style=\"font-size:35px\"><strong>Chambre classique<\/strong><\/p>\n\n\n\n<div class=\"wp-container-4 is-horizontal is-content-justification-right wp-block-buttons\">\n<div class=\"wp-block-button is-style-outline\"><a class=\"wp-block-button__link\" href=\"https:\/\/reservations.cubilis.eu\/hotel-lamy-troisvierges?Language=fr-FR&amp;Room=41295\" target=\"_blank\" rel=\"noreferrer noopener\">R\u00e9server<\/a><\/div>\n\n\n\n<div class=\"wp-block-button has-custom-width wp-block-button__width-50 is-style-fill\"><a class=\"wp-block-button__link\" href=\"https:\/\/www.lamy.restaurant\/en\/chambre-classique-avec-douche\/\">Plus d&rsquo;informations<\/a><\/div>\n<\/div>\n<\/div><\/div>\n<\/div>\n<\/div>\n\n\n\n<div style=\"height:50px\" aria-hidden=\"true\" class=\"wp-block-spacer\"><\/div>\n\n\n\n<div class=\"wp-block-cover has-custom-content-position is-position-bottom-right\" style=\"min-height:386px\"><span aria-hidden=\"true\" class=\"wp-block-cover__background has-background-dim-30 has-background-dim\"><\/span><img width=\"1920\" height=\"1440\" class=\"wp-block-cover__image-background wp-image-4881\" alt=\"\" src=\"https:\/\/www.lamy.restaurant\/wp-content\/uploads\/2021\/03\/2-Chambre-scaled.jpg\" style=\"object-position:57% 46%\" data-object-fit=\"cover\" data-object-position=\"57% 46%\" srcset=\"https:\/\/www.lamy.restaurant\/wp-content\/uploads\/2021\/03\/2-Chambre-scaled.jpg 1920w, https:\/\/www.lamy.restaurant\/wp-content\/uploads\/2021\/03\/2-Chambre-300x225.jpg 300w, https:\/\/www.lamy.restaurant\/wp-content\/uploads\/2021\/03\/2-Chambre-1024x768.jpg 1024w, https:\/\/www.lamy.restaurant\/wp-content\/uploads\/2021\/03\/2-Chambre-768x576.jpg 768w, https:\/\/www.lamy.restaurant\/wp-content\/uploads\/2021\/03\/2-Chambre-1536x1152.jpg 1536w, https:\/\/www.lamy.restaurant\/wp-content\/uploads\/2021\/03\/2-Chambre-2048x1536.jpg 2048w\" sizes=\"(max-width: 1920px) 100vw, 1920px\" \/><div class=\"wp-block-cover__inner-container\">\n<p class=\"has-text-align-center has-white-color has-text-color\" style=\"font-size:35px\"><strong>Chambre confort<\/strong><\/p>\n\n\n\n<div class=\"wp-container-7 is-horizontal is-content-justification-right wp-block-buttons\">\n<div class=\"wp-block-button is-style-outline\"><a class=\"wp-block-button__link\" href=\"https:\/\/reservations.cubilis.eu\/hotel-lamy-troisvierges?Language=fr-FR&amp;Room=41297\" target=\"_blank\" rel=\"noreferrer noopener\">R\u00e9server<\/a><\/div>\n\n\n\n<div class=\"wp-block-button is-style-fill\"><a class=\"wp-block-button__link\" href=\"https:\/\/www.lamy.restaurant\/en\/chambre-confort-avec-douche\/\">Plus d&rsquo;informations<\/a><\/div>\n<\/div>\n<\/div><\/div>\n\n\n\n<div style=\"height:50px\" aria-hidden=\"true\" class=\"wp-block-spacer\"><\/div>\n\n\n\n<div class=\"wp-block-cover has-custom-content-position is-position-bottom-right\" style=\"min-height:387px\"><span aria-hidden=\"true\" class=\"wp-block-cover__background has-background-dim-30 has-background-dim\"><\/span><img width=\"1920\" height=\"1440\" class=\"wp-block-cover__image-background wp-image-4878\" alt=\"\" src=\"https:\/\/www.lamy.restaurant\/wp-content\/uploads\/2021\/03\/1-Chambre-scaled.jpg\" data-object-fit=\"cover\" srcset=\"https:\/\/www.lamy.restaurant\/wp-content\/uploads\/2021\/03\/1-Chambre-scaled.jpg 1920w, https:\/\/www.lamy.restaurant\/wp-content\/uploads\/2021\/03\/1-Chambre-300x225.jpg 300w, https:\/\/www.lamy.restaurant\/wp-content\/uploads\/2021\/03\/1-Chambre-1024x768.jpg 1024w, https:\/\/www.lamy.restaurant\/wp-content\/uploads\/2021\/03\/1-Chambre-768x576.jpg 768w, https:\/\/www.lamy.restaurant\/wp-content\/uploads\/2021\/03\/1-Chambre-1536x1152.jpg 1536w, https:\/\/www.lamy.restaurant\/wp-content\/uploads\/2021\/03\/1-Chambre-2048x1536.jpg 2048w\" sizes=\"(max-width: 1920px) 100vw, 1920px\" \/><div class=\"wp-block-cover__inner-container\">\n<p class=\"has-text-align-center has-white-color has-text-color\" style=\"font-size:35px\"><strong>Chambre familiale<\/strong><\/p>\n\n\n\n<div class=\"wp-container-8 is-horizontal is-content-justification-right wp-block-buttons\">\n<div class=\"wp-block-button is-style-outline\"><a class=\"wp-block-button__link\" href=\"https:\/\/reservations.cubilis.eu\/hotel-lamy-troisvierges?Language=fr-FR&amp;Room=41298\" target=\"_blank\" rel=\"noreferrer noopener\">R\u00e9server<\/a><\/div>\n\n\n\n<div class=\"wp-block-button\"><a class=\"wp-block-button__link\" href=\"https:\/\/www.lamy.restaurant\/en\/chambre-confort-avec-baignoire\/\">Plus d&rsquo;informations<\/a><\/div>\n<\/div>\n<\/div><\/div>\n\n\n\n<div style=\"height:50px\" aria-hidden=\"true\" class=\"wp-block-spacer\"><\/div>\n\n\n\n<div class=\"wp-block-cover has-custom-content-position is-position-bottom-right\" style=\"min-height:372px\"><span aria-hidden=\"true\" class=\"wp-block-cover__background has-background-dim-30 has-background-dim\"><\/span><img width=\"1920\" height=\"1440\" class=\"wp-block-cover__image-background wp-image-4886\" alt=\"\" src=\"https:\/\/www.lamy.restaurant\/wp-content\/uploads\/2021\/03\/12-Salon-scaled.jpg\" data-object-fit=\"cover\" srcset=\"https:\/\/www.lamy.restaurant\/wp-content\/uploads\/2021\/03\/12-Salon-scaled.jpg 1920w, https:\/\/www.lamy.restaurant\/wp-content\/uploads\/2021\/03\/12-Salon-300x225.jpg 300w, https:\/\/www.lamy.restaurant\/wp-content\/uploads\/2021\/03\/12-Salon-1024x768.jpg 1024w, https:\/\/www.lamy.restaurant\/wp-content\/uploads\/2021\/03\/12-Salon-768x576.jpg 768w, https:\/\/www.lamy.restaurant\/wp-content\/uploads\/2021\/03\/12-Salon-1536x1152.jpg 1536w, https:\/\/www.lamy.restaurant\/wp-content\/uploads\/2021\/03\/12-Salon-2048x1536.jpg 2048w\" sizes=\"(max-width: 1920px) 100vw, 1920px\" \/><div class=\"wp-block-cover__inner-container\">\n<p class=\"has-text-align-center has-white-color has-text-color\" style=\"font-size:35px\"><strong>Suite<\/strong><\/p>\n\n\n\n<div class=\"wp-container-9 is-horizontal is-content-justification-right wp-block-buttons\">\n<div class=\"wp-block-button is-style-outline\"><a class=\"wp-block-button__link\" href=\"https:\/\/reservations.cubilis.eu\/hotel-lamy-troisvierges?Language=fr-FR&amp;Room=41299\" target=\"_blank\" rel=\"noreferrer noopener\">R\u00e9server<\/a><\/div>\n\n\n\n<div class=\"wp-block-button\"><a class=\"wp-block-button__link\" href=\"https:\/\/www.lamy.restaurant\/en\/suite\/\"><sub>Plus d&rsquo;informations<\/sub><\/a><\/div>\n<\/div>\n<\/div><\/div>\n\n\n\n<div style=\"height:65px\" aria-hidden=\"true\" class=\"wp-block-spacer\"><\/div>\n\n\n\n<p><\/p>","protected":false},"excerpt":{"rendered":"<p>L\u2019h\u00f4tel dispose de 10 chambres confortables : chacune est \u00e9quip\u00e9e d\u2019une salle de bain privative et d\u2019une t\u00e9l\u00e9vision LED \u00e0 \u00e9cran plat. De la chambre \u00ab standard \u00bb \u00e0 la suite en passant par la chambre \u00ab confort \u00bb, vous serez log\u00e9s dans une ambiance sobre et moderne. Chaque chambre est dot\u00e9e de fen\u00eatres \u00e0 [&hellip;]<\/p>","protected":false},"author":2,"featured_media":4888,"parent":0,"menu_order":0,"comment_status":"closed","ping_status":"closed","template":"","meta":{"_seopress_robots_primary_cat":"","_seopress_titles_title":"H\u00f4tel Lamy au Luxembourg - D\u00e9couvrez le confort et l&#039;hospitalit\u00e9 au c\u0153ur de Troisvierges","_seopress_titles_desc":"Explorez notre charmant h\u00f4tel \u00e0 Troisvierges, Luxembourg. Profitez d&#039;un service de qualit\u00e9 et d&#039;un emplacement de premier choix. R\u00e9servez d\u00e8s maintenant !","_seopress_robots_index":""},"_links":{"self":[{"href":"https:\/\/www.lamy.restaurant\/en\/wp-json\/wp\/v2\/pages\/4918"}],"collection":[{"href":"https:\/\/www.lamy.restaurant\/en\/wp-json\/wp\/v2\/pages"}],"about":[{"href":"https:\/\/www.lamy.restaurant\/en\/wp-json\/wp\/v2\/types\/page"}],"author":[{"embeddable":true,"href":"https:\/\/www.lamy.restaurant\/en\/wp-json\/wp\/v2\/users\/2"}],"replies":[{"embeddable":true,"href":"https:\/\/www.lamy.restaurant\/en\/wp-json\/wp\/v2\/comments?post=4918"}],"version-history":[{"count":74,"href":"https:\/\/www.lamy.restaurant\/en\/wp-json\/wp\/v2\/pages\/4918\/revisions"}],"predecessor-version":[{"id":7070,"href":"https:\/\/www.lamy.restaurant\/en\/wp-json\/wp\/v2\/pages\/4918\/revisions\/7070"}],"wp:featuredmedia":[{"embeddable":true,"href":"https:\/\/www.lamy.restaurant\/en\/wp-json\/wp\/v2\/media\/4888"}],"wp:attachment":[{"href":"https:\/\/www.lamy.restaurant\/en\/wp-json\/wp\/v2\/media?parent=4918"}],"curies":[{"name":"wp","href":"https:\/\/api.w.org\/{rel}","templated":true}]}}