{"id":5324,"date":"2021-08-12T10:46:16","date_gmt":"2021-08-12T09:46:16","guid":{"rendered":"https:\/\/www.lamy.restaurant\/?page_id=5324"},"modified":"2022-03-11T20:45:55","modified_gmt":"2022-03-11T19:45:55","slug":"covid-19-restaurant","status":"publish","type":"page","link":"https:\/\/www.lamy.restaurant\/en\/covid-19-restaurant\/","title":{"rendered":"COVID-19 (RESTAURANT)"},"content":{"rendered":"<figure class=\"wp-block-image size-large\"><a href=\"https:\/\/www.lamy.restaurant\/wp-content\/uploads\/2022\/02\/CovidCheckZone_AfficheA3_HD_page-carre.png\"><img width=\"1024\" height=\"360\" src=\"https:\/\/www.lamy.restaurant\/wp-content\/uploads\/2022\/02\/CovidCheckZone_AfficheA3_HD_page-carre-1024x360.png\" alt=\"\" class=\"wp-image-5505\" srcset=\"https:\/\/www.lamy.restaurant\/wp-content\/uploads\/2022\/02\/CovidCheckZone_AfficheA3_HD_page-carre-1024x360.png 1024w, https:\/\/www.lamy.restaurant\/wp-content\/uploads\/2022\/02\/CovidCheckZone_AfficheA3_HD_page-carre-300x105.png 300w, https:\/\/www.lamy.restaurant\/wp-content\/uploads\/2022\/02\/CovidCheckZone_AfficheA3_HD_page-carre-768x270.png 768w, https:\/\/www.lamy.restaurant\/wp-content\/uploads\/2022\/02\/CovidCheckZone_AfficheA3_HD_page-carre-1536x540.png 1536w, https:\/\/www.lamy.restaurant\/wp-content\/uploads\/2022\/02\/CovidCheckZone_AfficheA3_HD_page-carre.png 1920w\" sizes=\"(max-width: 1024px) 100vw, 1024px\" \/><\/a><\/figure>\n\n\n\n<p>Le r\u00e9gime COVID CHECK est termin\u00e9 au Luxembourg, il n&rsquo;y a donc plus de conditions d&rsquo;acc\u00e8s li\u00e9es au Coronavirus.<\/p>","protected":false},"excerpt":{"rendered":"<p>Le r\u00e9gime COVID CHECK est termin\u00e9 au Luxembourg, il n&rsquo;y a donc plus de conditions d&rsquo;acc\u00e8s li\u00e9es au Coronavirus.<\/p>","protected":false},"author":1,"featured_media":0,"parent":0,"menu_order":0,"comment_status":"closed","ping_status":"closed","template":"","meta":{"_seopress_robots_primary_cat":"","_seopress_titles_title":"","_seopress_titles_desc":"","_seopress_robots_index":""},"_links":{"self":[{"href":"https:\/\/www.lamy.restaurant\/en\/wp-json\/wp\/v2\/pages\/5324"}],"collection":[{"href":"https:\/\/www.lamy.restaurant\/en\/wp-json\/wp\/v2\/pages"}],"about":[{"href":"https:\/\/www.lamy.restaurant\/en\/wp-json\/wp\/v2\/types\/page"}],"author":[{"embeddable":true,"href":"https:\/\/www.lamy.restaurant\/en\/wp-json\/wp\/v2\/users\/1"}],"replies":[{"embeddable":true,"href":"https:\/\/www.lamy.restaurant\/en\/wp-json\/wp\/v2\/comments?post=5324"}],"version-history":[{"count":12,"href":"https:\/\/www.lamy.restaurant\/en\/wp-json\/wp\/v2\/pages\/5324\/revisions"}],"predecessor-version":[{"id":5532,"href":"https:\/\/www.lamy.restaurant\/en\/wp-json\/wp\/v2\/pages\/5324\/revisions\/5532"}],"wp:attachment":[{"href":"https:\/\/www.lamy.restaurant\/en\/wp-json\/wp\/v2\/media?parent=5324"}],"curies":[{"name":"wp","href":"https:\/\/api.w.org\/{rel}","templated":true}]}}