{"id":6261,"date":"2023-02-11T12:15:48","date_gmt":"2023-02-11T11:15:48","guid":{"rendered":"https:\/\/www.lamy.restaurant\/?page_id=6261"},"modified":"2024-03-02T10:14:13","modified_gmt":"2024-03-02T09:14:13","slug":"three-virgins-irish-pub-drinks-menu","status":"publish","type":"page","link":"https:\/\/www.lamy.restaurant\/en\/three-virgins-irish-pub-drinks-menu\/","title":{"rendered":"Three Virgins Irish Pub Drinks Menu"},"content":{"rendered":"<div style=\"width:100%; text-align: center;\">\n  <iframe style=\"border: 1px solid #777; width:100%;\" src=\"https:\/\/indd.adobe.com\/embed\/5068be29-6040-46cc-be19-a87cc86d567d?startpage=1&amp;allowFullscreen=false\" height=\"800px\" frameborder=\"0\" allowfullscreen=\"\"><\/iframe>\n<\/div>","protected":false},"excerpt":{"rendered":"","protected":false},"author":2,"featured_media":0,"parent":0,"menu_order":0,"comment_status":"closed","ping_status":"closed","template":"","meta":{"_seopress_robots_primary_cat":"","_seopress_titles_title":"The Virgins Irish Pub \u00e0 Troisvierges, Luxembourg - Ambiance chaleureuse","_seopress_titles_desc":"D\u00e9couvrez The Virgrins Irish Pub \u00e0 Troisvierges. Ambiance chaleureuse, musique live et bi\u00e8res irlandaises. Venez nous rejoindre!","_seopress_robots_index":""},"_links":{"self":[{"href":"https:\/\/www.lamy.restaurant\/en\/wp-json\/wp\/v2\/pages\/6261"}],"collection":[{"href":"https:\/\/www.lamy.restaurant\/en\/wp-json\/wp\/v2\/pages"}],"about":[{"href":"https:\/\/www.lamy.restaurant\/en\/wp-json\/wp\/v2\/types\/page"}],"author":[{"embeddable":true,"href":"https:\/\/www.lamy.restaurant\/en\/wp-json\/wp\/v2\/users\/2"}],"replies":[{"embeddable":true,"href":"https:\/\/www.lamy.restaurant\/en\/wp-json\/wp\/v2\/comments?post=6261"}],"version-history":[{"count":7,"href":"https:\/\/www.lamy.restaurant\/en\/wp-json\/wp\/v2\/pages\/6261\/revisions"}],"predecessor-version":[{"id":6594,"href":"https:\/\/www.lamy.restaurant\/en\/wp-json\/wp\/v2\/pages\/6261\/revisions\/6594"}],"wp:attachment":[{"href":"https:\/\/www.lamy.restaurant\/en\/wp-json\/wp\/v2\/media?parent=6261"}],"curies":[{"name":"wp","href":"https:\/\/api.w.org\/{rel}","templated":true}]}}